{"id":2721,"date":"2020-01-13T09:40:52","date_gmt":"2020-01-13T09:40:52","guid":{"rendered":"https:\/\/pospotential.com\/politica-de-cookies\/"},"modified":"2020-02-24T12:38:55","modified_gmt":"2020-02-24T12:38:55","slug":"cookies-policy","status":"publish","type":"page","link":"https:\/\/pospotential.com\/en\/cookies-policy\/","title":{"rendered":"Cookies Policy"},"content":{"rendered":"<\/div><\/div><\/div><!-- close content main div --><\/div><\/div>\n<style type=\"text\/css\" data-created_by=\"avia_inline_auto\" id=\"style-css-av-k5c93sie-4e902b0631fafe2c39faf6eb66a013c1\">\n.avia-section.av-k5c93sie-4e902b0631fafe2c39faf6eb66a013c1{\nbackground-color:var(--azul2);\nbackground-image:unset;\n}\n<\/style>\n<div id='av_section_1'  class='avia-section av-k5c93sie-4e902b0631fafe2c39faf6eb66a013c1 main_color avia-section-default avia-no-border-styling avia-bg-style-scroll av-minimum-height av-minimum-height-custom av-height-custom  container_wrap fullsize'   data-av_minimum_height_px='250'><div class='container av-section-cont-open' style='height:250px'><div class='template-page content  av-content-full alpha units'><div class='post-entry post-entry-type-page post-entry-2721'><div class='entry-content-wrapper clearfix'>\n\n<style type=\"text\/css\" data-created_by=\"avia_inline_auto\" id=\"style-css-av-3a17ke-7303ae0e5a0db1f8f2fc4128183ac98e\">\n.flex_column.av-3a17ke-7303ae0e5a0db1f8f2fc4128183ac98e{\nborder-radius:0px 0px 0px 0px;\npadding:0px 0px 0px 0px;\n}\n<\/style>\n<div  class='flex_column av-3a17ke-7303ae0e5a0db1f8f2fc4128183ac98e av_one_full first flex_column_div av-zero-column-padding  '     ><section  class='av_textblock_section av-k5c95mul-9c70089853b37b7fdfec7d85c5f77176 '   itemscope=\"itemscope\" itemtype=\"https:\/\/schema.org\/CreativeWork\" ><div class='avia_textblock'  itemprop=\"text\" ><h1 class=\"headers\">Pol\u00edtica de cookies<\/h1>\n<\/div><\/section><br \/>\n<section  class='av_textblock_section av-k5c92tbe-a4b8e7c7f37c82c51e38ed2691370d24 '   itemscope=\"itemscope\" itemtype=\"https:\/\/schema.org\/CreativeWork\" ><div class='avia_textblock'  itemprop=\"text\" ><p><strong>INFORMACI\u00d3N SOBRE COOKIES<\/strong><br \/>\nLa Ley 34\/2002 de Servicios de la Sociedad de la Informaci\u00f3n establece que es de obligaci\u00f3n obtener el consentimiento expreso del usuario de todas las p\u00e1ginas web que usan cookies prescindibles, antes de que este navegue por ellas. Adem\u00e1s, en determinados casos, las cookies pueden recabar datos personales por lo que ser\u00e1 de aplicaci\u00f3n lo establecido en el Reglamento UE 2016\/679 General de Protecci\u00f3n de Datos especialmente en lo que afecta al consentimiento.<\/p>\n<p><strong>\u00bfQU\u00c9 SON LAS COOKIES?<\/strong><br \/>\nLas cookies y otras tecnolog\u00edas similares tales como local shared objects, flash cookies o p\u00edxeles, son herramientas empleadas por los servidores Web para almacenar y recuperar informaci\u00f3n acerca de sus visitantes, as\u00ed como para ofrecer un correcto funcionamiento del sitio.<br \/>\nMediante el uso de estos dispositivos se permite al servidor Web recordar algunos datos concernientes al usuario, como sus preferencias para la visualizaci\u00f3n de las p\u00e1ginas de ese servidor, nombre y contrase\u00f1a, productos que m\u00e1s le interesan, etc. Tambi\u00e9n sirven para realizar perfiles de navegaci\u00f3n para posteriormente ofrecer publicidad dirigida.<\/p>\n<p><strong>COOKIES AFECTADAS POR LA NORMATIVA Y COOKIES EXCEPTUADAS<\/strong><br \/>\nSeg\u00fan la directiva de la UE, las cookies que requieren el consentimiento informado por parte del usuario son las cookies de anal\u00edtica y las de publicidad y afiliaci\u00f3n, quedando exceptuadas las de car\u00e1cter t\u00e9cnico y las necesarias para el funcionamiento del sitio web o la prestaci\u00f3n de servicios expresamente solicitados por el usuario.<\/p>\n<p><strong>\u00bfQU\u00c9 TIPOS DE COOKIES EXISTEN?<\/strong><br \/>\nSobre los tipos de cookies, existen cinco grandes grupos:<br \/>\nCookies anal\u00edticas: recogen informaci\u00f3n del uso que se realiza del sitio web.<br \/>\nCookies sociales: son aquellas necesarias para redes sociales externas.<br \/>\nCookies de afiliados: permiten hacer un seguimiento de las visitas procedentes de otras webs, con las que el sitio web establece un contrato de afiliaci\u00f3n (empresas de afiliaci\u00f3n).<br \/>\nCookies de publicidad y comportamentales: recogen informaci\u00f3n sobre las preferencias y elecciones personales del usuario (retargeting).<br \/>\nCookies t\u00e9cnicas y funcionales: son las estrictamente necesarias para el uso del sitio web y para la prestaci\u00f3n del servicio contratado.<\/p>\n<p><strong>TRATAMIENTO DE DATOS PERSONALES<\/strong><br \/>\nThinkBI, SLU. es el Responsable del tratamiento de los datos personales del Interesado y le informa de que estos datos ser\u00e1n tratados de conformidad con lo dispuesto en el Reglamento (UE) 2016\/679, de 27 de abril de 2016 (GDPR), por lo que se le facilita la siguiente informaci\u00f3n del tratamiento:<br \/>\nFines del tratamiento: seg\u00fan se especifica en el apartado de cookies que se utilizan en este sitio web.<br \/>\nLegitimaci\u00f3n del tratamiento: por inter\u00e9s leg\u00edtimo del responsable: cookies t\u00e9cnicas y por consentimiento del interesado: cookies anal\u00edticas comportamentales y publicitarias.<br \/>\nCriterios de conservaci\u00f3n de los datos: seg\u00fan se especifica en el apartado de cookies utilizadas en la web.<br \/>\nComunicaci\u00f3n de los datos: no se comunicar\u00e1n los datos a terceros, excepto en cookies propiedad de terceros o por obligaci\u00f3n legal.<br \/>\nDerechos que asisten al Interesado:<br \/>\n&#8211; Derecho a retirar el consentimiento en cualquier momento.\u2028- Derecho de acceso, rectificaci\u00f3n, portabilidad y supresi\u00f3n de sus datos y a la limitaci\u00f3n u oposici\u00f3n a su tratamiento.\u2028- Derecho a presentar una reclamaci\u00f3n ante la Autoridad de control (www.aepd.es) si considera que el tratamiento no se ajusta a la normativa vigente.<br \/>\nDatos de contacto para ejercer sus derechos:<br \/>\nThinkBI, SLU. Avenida de Cerdanyola, 73 4\u00ba drcha &#8211; 08172 Sant Cugat del Vall\u00e8s, (Barcelona). Email: contact@pospotential.com<\/p>\n<\/div><\/section><br \/>\n<div  class='hr av-284r7b-e71b04ccb070d7b3a2bf9f5f69808409 hr-default'><span class='hr-inner '><span class=\"hr-inner-style\"><\/span><\/span><\/div><br \/>\n<section  class='av_textblock_section av-k5c92tbe-a4b8e7c7f37c82c51e38ed2691370d24 '   itemscope=\"itemscope\" itemtype=\"https:\/\/schema.org\/CreativeWork\" ><div class='avia_textblock'  itemprop=\"text\" ><p style=\"text-align: left;\" align=\"CENTER\"><strong><span style=\"font-family: Helvetica, serif;\"><span style=\"font-size: small;\">REVOCACI\u00d3N DEL CONSENTIMIENTO PARA INSTALAR COOKIES<\/span><\/span><\/strong><\/p>\n<p><strong>C\u00d3MO ELIMINAR LAS COOKIES DEL NAVEGADOR<\/strong><\/p>\n<p><strong>Chrome<\/strong><br \/>\n1. Selecciona el icono de Herramientas<br \/>\n2. Haz clic en Configuraci\u00f3n.<br \/>\n3. Haz clic en Mostrar Opciones Avanzadas.<br \/>\n4. En la secci\u00f3n \u00abPrivacidad\u00bb haz clic en Configuraci\u00f3n de contenido.<br \/>\n\u2022 Eliminar cookies: Haz clic en Todas las cookies y los datos de sitios\u2026<br \/>\n\u2022 No permitir que se almacenen cookies.<br \/>\n5. Haz clic en Eliminar datos de navegaci\u00f3n (vaciar la Cach\u00e9).<br \/>\n6. Cierra y reinicia el navegador.<\/p>\n<p>Para m\u00e1s informaci\u00f3n sobre Chrome pulsa aqu\u00ed: <a href=\"http:\/\/support.google.com\/chrome\/answer\/95647?hl=es\">http:\/\/support.google.com\/chrome\/answer\/95647?hl=es<\/a><\/p>\n<p><strong><br \/>\nInternet Explorer. Versi\u00f3n 11<\/strong><br \/>\n1. Selecciona Herramientas | Opciones de Internet.<br \/>\n2. Haz clic en la ficha General.<br \/>\n3. En la secci\u00f3n \u00abHistorial de exploraci\u00f3n\u00bb, haz clic en Eliminar el historial de exploraci\u00f3n al salir.<br \/>\n4. Selecciona Eliminar archivos.<br \/>\n5. Selecciona Eliminar cookies.<br \/>\n6. Haz clic en Eliminar.<br \/>\n7. Haz clic en Aceptar.<br \/>\n8. Cierra y reinicia el navegador.<\/p>\n<p>Para m\u00e1s informaci\u00f3n sobre Internet Explorer pulsa aqu\u00ed: <a href=\"https:\/\/support.microsoft.com\/es-es\/help\/278835\/how-to-delete-cookie-files-in-internet-explorer\">https:\/\/support.microsoft.com\/es-es\/help\/278835\/how-to-delete-cookie-files-in-internet-explorer<\/a><\/p>\n<p><strong><br \/>\nFirefox. Versi\u00f3n 18<\/strong><br \/>\n1. Selecciona Firefox | Historial | Limpiar el historial reciente.<br \/>\n2. Al lado de \u00abDetalles\u00bb, haz clic en la flecha hacia abajo.<br \/>\n3. Selecciona las siguientes casillas de verificaci\u00f3n: Cookies, Cach\u00e9, Inicios de sesi\u00f3n activos<br \/>\n4. Usando el \u00abIntervalo de tiempo para borrar\u00bb en el men\u00fa desplegable, selecciona Todo.<br \/>\n5. Haz clic en Borrar ahora.<br \/>\n6. Cierra y reinicia el navegador.<\/p>\n<p>Puedes aceptar o rechazar las cookies individualmente en las Preferencias de Firefox, en la secci\u00f3n Historial disponible en Herramientas &gt; Opciones &gt; Privacidad.<\/p>\n<p>Para m\u00e1s informaci\u00f3n sobre Mozilla Firefox pulsa aqu\u00ed: <a href=\"#cookies\">https:\/\/www.mozilla.org\/es-ES\/privacy\/websites\/#cookies<\/a><\/p>\n<p><strong><br \/>\nSafari Versi\u00f3n 5.1<\/strong><br \/>\n1. Selecciona el icono de Safari \/ Editar | Restaurar Safari.<br \/>\n2. Selecciona las siguientes casillas de verificaci\u00f3n: Borrar el historial, Eliminar todos los datos de sitio web<br \/>\n3. Haz clic en Restablecer.<br \/>\n4. Cierra y reinicia el navegador.<\/p>\n<p>Para m\u00e1s informaci\u00f3n sobre Safari pulsa aqu\u00ed: <a href=\"https:\/\/support.apple.com\/es-es\/guide\/safari\/sfri11471\/mac\">https:\/\/support.apple.com\/es-es\/guide\/safari\/sfri11471\/mac<\/a><\/p>\n<p><strong><br \/>\nOpera<\/strong><br \/>\nOpciones &#8211; Avanzado &#8211; Cookies.<br \/>\nLas opciones de cookies controlan el modo en que Opera los maneja y, por lo tanto, su aceptaci\u00f3n o rechazo.<\/p>\n<p>Para m\u00e1s informaci\u00f3n sobre Opera pulsa aqu\u00ed: <a href=\"#clearBrowsingData\">https:\/\/help.opera.com\/en\/latest\/security-and-privacy\/#clearBrowsingData<\/a><\/p>\n<p><strong><br \/>\nOtros navegadores<\/strong><br \/>\nConsulte la documentaci\u00f3n del navegador que tenga instalado.<\/p>\n<\/div><\/section><\/p><\/div>\n","protected":false},"excerpt":{"rendered":"","protected":false},"author":1,"featured_media":0,"parent":0,"menu_order":0,"comment_status":"closed","ping_status":"closed","template":"","meta":{"footnotes":""},"categories":[],"tags":[],"class_list":["post-2721","page","type-page","status-publish","hentry"],"aioseo_notices":[],"_links":{"self":[{"href":"https:\/\/pospotential.com\/en\/wp-json\/wp\/v2\/pages\/2721","targetHints":{"allow":["GET"]}}],"collection":[{"href":"https:\/\/pospotential.com\/en\/wp-json\/wp\/v2\/pages"}],"about":[{"href":"https:\/\/pospotential.com\/en\/wp-json\/wp\/v2\/types\/page"}],"author":[{"embeddable":true,"href":"https:\/\/pospotential.com\/en\/wp-json\/wp\/v2\/users\/1"}],"replies":[{"embeddable":true,"href":"https:\/\/pospotential.com\/en\/wp-json\/wp\/v2\/comments?post=2721"}],"version-history":[{"count":0,"href":"https:\/\/pospotential.com\/en\/wp-json\/wp\/v2\/pages\/2721\/revisions"}],"wp:attachment":[{"href":"https:\/\/pospotential.com\/en\/wp-json\/wp\/v2\/media?parent=2721"}],"wp:term":[{"taxonomy":"category","embeddable":true,"href":"https:\/\/pospotential.com\/en\/wp-json\/wp\/v2\/categories?post=2721"},{"taxonomy":"post_tag","embeddable":true,"href":"https:\/\/pospotential.com\/en\/wp-json\/wp\/v2\/tags?post=2721"}],"curies":[{"name":"wp","href":"https:\/\/api.w.org\/{rel}","templated":true}]}}