{"id":2728,"date":"2020-01-13T09:37:02","date_gmt":"2020-01-13T09:37:02","guid":{"rendered":"https:\/\/pospotential.com\/politica-de-privacidad\/"},"modified":"2020-02-24T12:36:00","modified_gmt":"2020-02-24T12:36:00","slug":"privacy-policy","status":"publish","type":"page","link":"https:\/\/pospotential.com\/en\/privacy-policy\/","title":{"rendered":"Privacy Policy"},"content":{"rendered":"<\/div><\/div><\/div><!-- close content main div --><\/div><\/div>\n<style type=\"text\/css\" data-created_by=\"avia_inline_auto\" id=\"style-css-av-k5c93sie-4e902b0631fafe2c39faf6eb66a013c1\">\n.avia-section.av-k5c93sie-4e902b0631fafe2c39faf6eb66a013c1{\nbackground-color:var(--azul2);\nbackground-image:unset;\n}\n<\/style>\n<div id='av_section_1'  class='avia-section av-k5c93sie-4e902b0631fafe2c39faf6eb66a013c1 main_color avia-section-default avia-no-border-styling avia-bg-style-scroll av-minimum-height av-minimum-height-custom av-height-custom  container_wrap fullsize'   data-av_minimum_height_px='250'><div class='container av-section-cont-open' style='height:250px'><div class='template-page content  av-content-full alpha units'><div class='post-entry post-entry-type-page post-entry-2728'><div class='entry-content-wrapper clearfix'>\n\n<style type=\"text\/css\" data-created_by=\"avia_inline_auto\" id=\"style-css-av-3a17ke-7303ae0e5a0db1f8f2fc4128183ac98e\">\n.flex_column.av-3a17ke-7303ae0e5a0db1f8f2fc4128183ac98e{\nborder-radius:0px 0px 0px 0px;\npadding:0px 0px 0px 0px;\n}\n<\/style>\n<div  class='flex_column av-3a17ke-7303ae0e5a0db1f8f2fc4128183ac98e av_one_full first flex_column_div av-zero-column-padding  '     ><section  class='av_textblock_section av-k5c95mul-9c70089853b37b7fdfec7d85c5f77176 '   itemscope=\"itemscope\" itemtype=\"https:\/\/schema.org\/CreativeWork\" ><div class='avia_textblock'  itemprop=\"text\" ><h1 class=\"headers\">Politica de privacidad<\/h1>\n<\/div><\/section><br \/>\n<section  class='av_textblock_section av-k5c92tbe-a4b8e7c7f37c82c51e38ed2691370d24 '   itemscope=\"itemscope\" itemtype=\"https:\/\/schema.org\/CreativeWork\" ><div class='avia_textblock'  itemprop=\"text\" ><p><span lang=\"es-ES\">La presente Pol\u00edtica de Privacidad describe la manera en que <\/span><span lang=\"es-ES\"><b>POS POTENTIAL<\/b><\/span><span lang=\"es-ES\"> (ThinkBI, SLU) recaba y trata sus Datos Personales, as\u00ed como la forma en la que utilizamos y protegemos dicha informaci\u00f3n, adem\u00e1s de los derechos que Usted ostenta en relaci\u00f3n con la misma. <\/span><span lang=\"es-ES\"><b>POS POTENTIAL <\/b><\/span><span lang=\"es-ES\">recabar\u00e1 y tratar\u00e1 los datos personales en su condici\u00f3n de responsable del tratamiento. Usted puede ponerse en contacto con nosotros a trav\u00e9s de los siguientes medios:<\/span><\/p>\n<p><span style=\"color: #333333;\"><span lang=\"es-ES\">Domicilio social: <\/span><\/span><\/p>\n<p align=\"LEFT\"><span style=\"color: #333333;\"><span lang=\"es-ES\">Calle Borrell 4, 4-2<br \/>\n<\/span><\/span><span style=\"color: #333333;\"><span lang=\"es-ES\">08172 Sant Cugat del Vall\u00e8s,<br \/>\n<\/span><\/span><span style=\"color: #333333;\"><span lang=\"es-ES\">Barcelona<br \/>\n<\/span><\/span><span style=\"color: #333333;\"><span lang=\"es-ES\">Espa\u00f1a<br \/>\nTel\u00e9fono:+34 936 222 175<br \/>\ne-mail:contact@pospotential.com<br \/>\n<\/span><\/span><\/p>\n<p><span lang=\"es-ES\"><b>\u00bfQu\u00e9 datos personales recabamos?<\/b><\/span><\/p>\n<p><span lang=\"es-ES\">Nuestra compa\u00f1\u00eda recoger\u00e1 aquellos datos imprescindibles en funci\u00f3n de la finalidad a la que se destinen:<\/span><\/p>\n<ul>\n<li><span lang=\"es-ES\">Cuando Vd. contacte con nosotros necesitaremos sus datos identificativos y de contacto para poder atender su consulta o petici\u00f3n<\/span><\/li>\n<li><span lang=\"es-ES\">Si es Vd. cliente o proveedor necesitaremos adem\u00e1s de los datos anteriores, otra informaci\u00f3n relacionada con el servicio prestado, datos bancarios etc necesarios para la correcta ejecuci\u00f3n del contrato<\/span><\/li>\n<li><span lang=\"es-ES\">Si Vd. nos facilita un CV tomaremos nota de los datos que voluntariamente facilite en el mismo<\/span><\/li>\n<li><span lang=\"es-ES\">En el caso de las cookies, consulte nuestra pol\u00edtica de cookies.<\/span><\/li>\n<\/ul>\n<p><span lang=\"es-ES\"><b>\u00bfCon qu\u00e9 finalidad tratamos sus datos?<\/b><\/span><\/p>\n<p><span lang=\"es-ES\">S\u00f3lo utilizaremos sus datos para las finalidades expl\u00edcitas y leg\u00edtimas que a continuaci\u00f3n detallamos:<\/span><\/p>\n<ul>\n<li><span lang=\"es-ES\">En el caso de que Vd. contacte con nosotros, utilizaremos sus datos para gestionar su consulta, atender su petici\u00f3n y contactar con Vd. a tales efectos incluyendo si fuera necesario el contacto por tel\u00e9fono.<\/span><\/li>\n<li><span lang=\"es-ES\">En el caso de que Vd. sea cliente o proveedor utilizaremos los datos para gestionar adecuadamente la relaci\u00f3n contractual o precontractual en su caso.<\/span><\/li>\n<li><span lang=\"es-ES\">Si Vd. nos facilita un CV, utilizaremos dichos datos para tenerle en cuenta en posibles y futuros procesos de selecci\u00f3n en nuestra compa\u00f1\u00eda.<\/span><\/li>\n<li><span lang=\"es-ES\">En el caso de cookies, consulte nuestra pol\u00edtica de cookies.<\/span><\/li>\n<\/ul>\n<p><span lang=\"es-ES\"><b>\u00bfEn qu\u00e9 basamos el tratamiento?<\/b><\/span><\/p>\n<p><span lang=\"es-ES\">Las bases jur\u00eddicas que legitiman el tratamiento que realizamos de los datos son las siguientes:<\/span><\/p>\n<ul>\n<li><span lang=\"es-ES\">Para las consultas, basamos el tratamiento en su consentimiento.<\/span><\/li>\n<li><span lang=\"es-ES\">En las relaciones con clientes y proveedores, basamos el tratamiento en la necesidad de ejecutar el contrato<\/span><\/li>\n<li><span lang=\"es-ES\">Con respecto a los CV, basamos el tratamiento en su consentimiento.<\/span><\/li>\n<\/ul>\n<p><span lang=\"es-ES\"><b>\u00bfCu\u00e1nto tiempo conservaremos sus datos?<\/b><\/span><\/p>\n<ul>\n<li><span lang=\"es-ES\">En el caso de las consultas conservaremos los datos el a\u00f1o en curso salvo que por motivos legales tengamos obligaci\u00f3n de conservarlos.<\/span><\/li>\n<li><span lang=\"es-ES\">Si es Vd. cliente o proveedor conservaremos los datos durante toda la relaci\u00f3n comercial y posteriormente el tiempo imprescindible para cumplir con nuestras obligaciones legales.<\/span><\/li>\n<li><span lang=\"es-ES\">Si Vd. nos env\u00eda un CV lo conservaremos un m\u00e1ximo de dos a\u00f1os.<\/span><\/li>\n<\/ul>\n<p><span lang=\"es-ES\"><b>\u00bfA qui\u00e9n facilitaremos sus datos?<\/b><\/span><\/p>\n<p><span lang=\"es-ES\">POSPOTENTIAL no tiene intenci\u00f3n de transferir sus datos ni comunicarlos a terceros. No obstante, si existe una relaci\u00f3n contractual es posible que tengamos que comunicarlos a entidades financieras, aseguradoras, Administraciones P\u00fablicas, etc.<\/span><\/p>\n<p><span lang=\"es-ES\">Para prestar nuestros servicios es posible que trabajemos con software y aplicaciones de terceros que procuramos est\u00e9n dentro del territorio de la UE. En todo caso, si tuvi\u00e9ramos intenci\u00f3n de realizar transferencias internacionales lo pondr\u00edamos en conocimiento de los interesados.<\/span><\/p>\n<p><span lang=\"es-ES\"><b>\u00bfQu\u00e9 derechos tiene Vd. y d\u00f3nde puede dirigirse?<\/b><\/span><\/p>\n<p><span lang=\"es-ES\">En aquellos casos en los que el tratamiento de datos se base en el consentimiento Vd. tiene derecho a revocarlo.<\/span><\/p>\n<p><span lang=\"es-ES\">Tambi\u00e9n tiene Vd. los siguientes derechos:<\/span><\/p>\n<ul>\n<li><span lang=\"es-ES\">Saber c\u00f3mo estamos tratando sus datos y qu\u00e9 datos tenemos sobre Vd.;<\/span><\/li>\n<li><span lang=\"es-ES\">Solicitar la rectificaci\u00f3n de los datos que sean inexactos o incompletos;<\/span><\/li>\n<li><span lang=\"es-ES\">Solicitar la supresi\u00f3n de sus datos cuando<\/span><span lang=\"es-ES\"> estos ya no sean necesarios para los fines para los que fueron recabados y de conformidad con la legislaci\u00f3n aplicable;<\/span><\/li>\n<li><span lang=\"es-ES\">Limitar el tratamiento de sus Datos Personales, bajo determinadas circunstancias (en cuyo caso \u00fanicamente trataremos los Datos Personales para el ejercicio y\/o la defensa de los derechos de nuestra compa\u00f1\u00eda; <\/span><\/li>\n<li><span lang=\"es-ES\">Oponerse al tratamiento de sus Datos Personales, <\/span><\/li>\n<li><span lang=\"es-ES\">Ejercer su derecho a la portabilidad de los datos, que le permitir\u00e1 recibir y reutilizar los Datos Personales en un formato electr\u00f3nico utilizable para sus propios fines y para diferentes servicios sin impedimento para su utilizaci\u00f3n, incluyendo su transmisi\u00f3n a un tercero.<\/span><\/li>\n<\/ul>\n<p><span lang=\"es-ES\">Le recomendamos que <\/span><span style=\"font-family: Arial Unicode MS, serif;\"><span style=\"font-family: Arial, serif;\"><span lang=\"es-ES\">se ponga en contacto con nosotros en los casos anteriores en la direcci\u00f3n help@pospotential.net<\/span><\/span><\/span><\/p>\n<p><span lang=\"es-ES\">Tambi\u00e9n tiene Vd. derecho a presentar una reclamaci\u00f3n ante la Agencia Espa\u00f1ola de Protecci\u00f3n de Datos (<a href=\"http:\/\/www.aepd.es\">www.aepd.es<\/a>). En todo caso le invitamos a que cualquier cuesti\u00f3n sobre sus datos personales nos la comente y la atenderemos.<\/span><\/p>\n<\/div><\/section><\/p><\/div>\n","protected":false},"excerpt":{"rendered":"","protected":false},"author":1,"featured_media":0,"parent":0,"menu_order":0,"comment_status":"closed","ping_status":"closed","template":"","meta":{"footnotes":""},"categories":[],"tags":[],"class_list":["post-2728","page","type-page","status-publish","hentry"],"aioseo_notices":[],"_links":{"self":[{"href":"https:\/\/pospotential.com\/en\/wp-json\/wp\/v2\/pages\/2728","targetHints":{"allow":["GET"]}}],"collection":[{"href":"https:\/\/pospotential.com\/en\/wp-json\/wp\/v2\/pages"}],"about":[{"href":"https:\/\/pospotential.com\/en\/wp-json\/wp\/v2\/types\/page"}],"author":[{"embeddable":true,"href":"https:\/\/pospotential.com\/en\/wp-json\/wp\/v2\/users\/1"}],"replies":[{"embeddable":true,"href":"https:\/\/pospotential.com\/en\/wp-json\/wp\/v2\/comments?post=2728"}],"version-history":[{"count":0,"href":"https:\/\/pospotential.com\/en\/wp-json\/wp\/v2\/pages\/2728\/revisions"}],"wp:attachment":[{"href":"https:\/\/pospotential.com\/en\/wp-json\/wp\/v2\/media?parent=2728"}],"wp:term":[{"taxonomy":"category","embeddable":true,"href":"https:\/\/pospotential.com\/en\/wp-json\/wp\/v2\/categories?post=2728"},{"taxonomy":"post_tag","embeddable":true,"href":"https:\/\/pospotential.com\/en\/wp-json\/wp\/v2\/tags?post=2728"}],"curies":[{"name":"wp","href":"https:\/\/api.w.org\/{rel}","templated":true}]}}