{"id":1745,"date":"2020-01-13T09:40:52","date_gmt":"2020-01-13T09:40:52","guid":{"rendered":"https:\/\/pospotential.com\/politica-de-cookies\/"},"modified":"2020-02-24T12:37:22","modified_gmt":"2020-02-24T12:37:22","slug":"politique-de-cookies","status":"publish","type":"page","link":"https:\/\/pospotential.com\/fr\/politique-de-cookies\/","title":{"rendered":"Politique de cookies"},"content":{"rendered":"<\/div><\/div><\/div><!-- close content main div --><\/div><\/div>\n<style type=\"text\/css\" data-created_by=\"avia_inline_auto\" id=\"style-css-av-k5c93sie-4e902b0631fafe2c39faf6eb66a013c1\">\n.avia-section.av-k5c93sie-4e902b0631fafe2c39faf6eb66a013c1{\nbackground-color:var(--azul2);\nbackground-image:unset;\n}\n<\/style>\n<div id='av_section_1'  class='avia-section av-k5c93sie-4e902b0631fafe2c39faf6eb66a013c1 main_color avia-section-default avia-no-border-styling avia-bg-style-scroll av-minimum-height av-minimum-height-custom av-height-custom  container_wrap fullsize'   data-av_minimum_height_px='250'><div class='container av-section-cont-open' style='height:250px'><div class='template-page content  av-content-full alpha units'><div class='post-entry post-entry-type-page post-entry-1745'><div class='entry-content-wrapper clearfix'>\n\n<style type=\"text\/css\" data-created_by=\"avia_inline_auto\" id=\"style-css-av-3a17ke-7303ae0e5a0db1f8f2fc4128183ac98e\">\n.flex_column.av-3a17ke-7303ae0e5a0db1f8f2fc4128183ac98e{\nborder-radius:0px 0px 0px 0px;\npadding:0px 0px 0px 0px;\n}\n<\/style>\n<div  class='flex_column av-3a17ke-7303ae0e5a0db1f8f2fc4128183ac98e av_one_full first flex_column_div av-zero-column-padding  '     ><section  class='av_textblock_section av-k5c95mul-9c70089853b37b7fdfec7d85c5f77176 '   itemscope=\"itemscope\" itemtype=\"https:\/\/schema.org\/CreativeWork\" ><div class='avia_textblock'  itemprop=\"text\" ><h1 class=\"headers\">POLITIQUE DE COOKIES<\/h1>\n<\/div><\/section><br \/>\n<section  class='av_textblock_section av-k5c92tbe-a4b8e7c7f37c82c51e38ed2691370d24 '   itemscope=\"itemscope\" itemtype=\"https:\/\/schema.org\/CreativeWork\" ><div class='avia_textblock'  itemprop=\"text\" ><p>La pr\u00e9sente politique de cookies est applicable lors de la consultation du site www.pospotential.com<\/p>\n<p>Cette politique a pour objet de vous permettre de mieux comprendre :<\/p>\n<p>Comment fonctionnent les cookies susceptibles d&#8217;\u00eatre d\u00e9pos\u00e9s sur votre ordinateur, votre tablette et votre smartphone lors de votre consultation des Sites, sous r\u00e9serve des choix que vous auriez exprim\u00e9s concernant les Cookies,<br \/>\net comment utiliser les outils actuels afin de param\u00e9trer vos choix.<\/p>\n<p><strong>QU&#8217;EST-CE QU&#8217;UN COOKIE ?<\/strong><br \/>\nUn cookie, ou t\u00e9moin de connexion, est un petit fichier texte qui peut \u00eatre plac\u00e9 sur votre terminal \u00e0 l&#8217;occasion de la consultation d&#8217;un site internet ou d&#8217;une application et ce, gr\u00e2ce \u00e0 votre logiciel de navigation. Un fichier cookie permet \u00e0 son \u00e9metteur d&#8217;identifier le terminal dans lequel il est enregistr\u00e9, pendant la dur\u00e9e de validit\u00e9 ou d&#8217;enregistrement dudit cookie.<\/p>\n<p>Certains cookies sont indispensables \u00e0 l&#8217;utilisation des Sites, d&#8217;autres permettent d&#8217;optimiser et de personnaliser les contenus affich\u00e9s.<\/p>\n<p><strong>PAR QUI SONT D\u00c9POS\u00c9S LES COOKIES ?<\/strong><br \/>\nLes cookies plac\u00e9s sur votre terminal depuis notre site sont li\u00e9s au fonctionnement du site. Seul l&#8217;\u00e9metteur d&#8217;un cookie a la possibilit\u00e9 de lire les informations qui y sont contenues.<\/p>\n<p><strong>COMMENT ET POURQUOI NOUS UTILISONS DES COOKIES ?<\/strong><br \/>\nLorsque vous vous connectez \u00e0 notre site nous sommes susceptibles, sous r\u00e9serve de vos choix, d&#8217;\u00eatre amen\u00e9s \u00e0 installer diff\u00e9rents cookies dans votre terminal nous permettant de reconna\u00eetre le navigateur de votre terminal pendant la dur\u00e9e de validit\u00e9 du cookie concern\u00e9.<\/p>\n<p>Les cookies que nous \u00e9mettons sont utilis\u00e9s aux fins d\u00e9crites ci-dessous qui r\u00e9sultent des param\u00e8tres que vous aurez renseign\u00e9s lors de votre visite et que vous pouvez exprimer et modifier \u00e0 tout moment dans les conditions rappel\u00e9es au sein de la pr\u00e9sente politique.<\/p>\n<p>La plupart des navigateurs acceptent les cookies par d\u00e9faut. Cependant, vous pouvez d\u00e9cider de bloquer ces cookies, demander \u00e0 votre navigateur de vous avertir lorsqu&#8217;un site tente d&#8217;impl\u00e9menter un cookie sur votre terminal ou les supprimer.<\/p>\n<p>Pour changer la gestion des cookies de votre navigateur, vous pouvez modifier les r\u00e9glages dans l&#8217;onglet confidentialit\u00e9.<\/p>\n<p>Attention, certaines fonctionnalit\u00e9s des sites peuvent ne plus fonctionner.<\/p>\n<p>La configuration de chaque navigateur est diff\u00e9rente. Elle est d\u00e9crite dans le menu d&#8217;aide de votre navigateur, qui vous permettra de savoir de quelle mani\u00e8re modifier vos souhaits en mati\u00e8re de cookies.<\/p>\n<p>Pour Chrome<br \/>\nhttps:\/\/support.google.com\/chrome\/answer\/95647?hl=fr&#038;hlrm=en<\/p>\n<p>Pour Internet Explorer<br \/>\nhttps:\/\/support.microsoft.com\/fr-fr\/help\/17442\/windows-internet-explorer-delete-manage-cookies<\/p>\n<p>Pour Safari<br \/>\nhttps:\/\/support.apple.com\/kb\/PH21411?viewlocale=fr_FR&#038;locale=fr_FR<\/p>\n<p>Pour FireFox<br \/>\nhttp:\/\/support.mozilla.org\/fr\/kb\/cookies-informations-sites-enregistrent?redirectlocale=fr&#038;redirectslug=G%C3%A9rer+les+cookies<\/p>\n<p>Pour Op\u00e9ra<br \/>\nhttp:\/\/help.opera.com\/Windows\/10.20\/fr\/cookies.html<\/p>\n<p>En tout \u00e9tat de cause, vous trouverez plus d&#8217;informations sur la publicit\u00e9 comportementale et sur la protection de la vie priv\u00e9e sur Internet \u00e0 cette adresse : http:\/\/www.youronlinechoices.com\/fr\/ et conna\u00eetrez ainsi les entreprises inscrites qui vous offrent la possibilit\u00e9 de refuser ou d&#8217;accepter l&#8217;affichage de publicit\u00e9s cibl\u00e9es. Cette plateforme n&#8217;emp\u00eache n\u00e9anmoins pas le d\u00e9p\u00f4t ou la conservation des cookies qui doit \u00eatre r\u00e9alis\u00e9e selon les modalit\u00e9s indiqu\u00e9es ci-avant.<\/p>\n<p>Le cookie d\u00e9pos\u00e9 en cas d&#8217;utilisation des boutons de partage est \u00e9galement inclus dans cette plateforme.<\/p>\n<p>Attention, la prise en compte de votre souhait repose sur un cookie. Si vous supprimez tous les cookies enregistr\u00e9s dans votre terminal via votre navigateur comme indiqu\u00e9 ci-avant, nous ou nos prestataires ne saurons pas que vous avez choisi cette option.<\/p>\n<p><strong>PLUS D&#8217;INFORMATIONS SUR LES COOKIES<\/strong><br \/>\nPour plus d&#8217;informations sur les cookies, vous pouvez vous rendre sur le site de la CNIL, \u00e0 cette adresse : https:\/\/www.cnil.fr\/fr\/cookies-les-outils-pour-les-maitriser<\/p>\n<\/div><\/section><br \/>\n<div  class='hr av-284r7b-e71b04ccb070d7b3a2bf9f5f69808409 hr-default'><span class='hr-inner '><span class=\"hr-inner-style\"><\/span><\/span><\/div><br \/>\n<section  class='av_textblock_section av-k5c92tbe-a4b8e7c7f37c82c51e38ed2691370d24 '   itemscope=\"itemscope\" itemtype=\"https:\/\/schema.org\/CreativeWork\" ><div class='avia_textblock'  itemprop=\"text\" ><p style=\"text-align: left;\" align=\"CENTER\"><strong><span style=\"font-family: Helvetica, serif;\"><span style=\"font-size: small;\">REVOCACI\u00d3N DEL CONSENTIMIENTO PARA INSTALAR COOKIES<\/span><\/span><\/strong><\/p>\n<p><strong>C\u00d3MO ELIMINAR LAS COOKIES DEL NAVEGADOR<\/strong><\/p>\n<p><strong>Chrome<\/strong><br \/>\n1. Selecciona el icono de Herramientas<br \/>\n2. Haz clic en Configuraci\u00f3n.<br \/>\n3. Haz clic en Mostrar Opciones Avanzadas.<br \/>\n4. En la secci\u00f3n \u00abPrivacidad\u00bb haz clic en Configuraci\u00f3n de contenido.<br \/>\n\u2022 Eliminar cookies: Haz clic en Todas las cookies y los datos de sitios\u2026<br \/>\n\u2022 No permitir que se almacenen cookies.<br \/>\n5. Haz clic en Eliminar datos de navegaci\u00f3n (vaciar la Cach\u00e9).<br \/>\n6. Cierra y reinicia el navegador.<\/p>\n<p>Para m\u00e1s informaci\u00f3n sobre Chrome pulsa aqu\u00ed: <a href=\"http:\/\/support.google.com\/chrome\/answer\/95647?hl=es\">http:\/\/support.google.com\/chrome\/answer\/95647?hl=es<\/a><\/p>\n<p><strong><br \/>\nInternet Explorer. Versi\u00f3n 11<\/strong><br \/>\n1. Selecciona Herramientas | Opciones de Internet.<br \/>\n2. Haz clic en la ficha General.<br \/>\n3. En la secci\u00f3n \u00abHistorial de exploraci\u00f3n\u00bb, haz clic en Eliminar el historial de exploraci\u00f3n al salir.<br \/>\n4. Selecciona Eliminar archivos.<br \/>\n5. Selecciona Eliminar cookies.<br \/>\n6. Haz clic en Eliminar.<br \/>\n7. Haz clic en Aceptar.<br \/>\n8. Cierra y reinicia el navegador.<\/p>\n<p>Para m\u00e1s informaci\u00f3n sobre Internet Explorer pulsa aqu\u00ed: <a href=\"https:\/\/support.microsoft.com\/es-es\/help\/278835\/how-to-delete-cookie-files-in-internet-explorer\">https:\/\/support.microsoft.com\/es-es\/help\/278835\/how-to-delete-cookie-files-in-internet-explorer<\/a><\/p>\n<p><strong><br \/>\nFirefox. Versi\u00f3n 18<\/strong><br \/>\n1. Selecciona Firefox | Historial | Limpiar el historial reciente.<br \/>\n2. Al lado de \u00abDetalles\u00bb, haz clic en la flecha hacia abajo.<br \/>\n3. Selecciona las siguientes casillas de verificaci\u00f3n: Cookies, Cach\u00e9, Inicios de sesi\u00f3n activos<br \/>\n4. Usando el \u00abIntervalo de tiempo para borrar\u00bb en el men\u00fa desplegable, selecciona Todo.<br \/>\n5. Haz clic en Borrar ahora.<br \/>\n6. Cierra y reinicia el navegador.<\/p>\n<p>Puedes aceptar o rechazar las cookies individualmente en las Preferencias de Firefox, en la secci\u00f3n Historial disponible en Herramientas &gt; Opciones &gt; Privacidad.<\/p>\n<p>Para m\u00e1s informaci\u00f3n sobre Mozilla Firefox pulsa aqu\u00ed: <a href=\"#cookies\">https:\/\/www.mozilla.org\/es-ES\/privacy\/websites\/#cookies<\/a><\/p>\n<p><strong><br \/>\nSafari Versi\u00f3n 5.1<\/strong><br \/>\n1. Selecciona el icono de Safari \/ Editar | Restaurar Safari.<br \/>\n2. Selecciona las siguientes casillas de verificaci\u00f3n: Borrar el historial, Eliminar todos los datos de sitio web<br \/>\n3. Haz clic en Restablecer.<br \/>\n4. Cierra y reinicia el navegador.<\/p>\n<p>Para m\u00e1s informaci\u00f3n sobre Safari pulsa aqu\u00ed: <a href=\"https:\/\/support.apple.com\/es-es\/guide\/safari\/sfri11471\/mac\">https:\/\/support.apple.com\/es-es\/guide\/safari\/sfri11471\/mac<\/a><\/p>\n<p><strong><br \/>\nOpera<\/strong><br \/>\nOpciones &#8211; Avanzado &#8211; Cookies.<br \/>\nLas opciones de cookies controlan el modo en que Opera los maneja y, por lo tanto, su aceptaci\u00f3n o rechazo.<\/p>\n<p>Para m\u00e1s informaci\u00f3n sobre Opera pulsa aqu\u00ed: <a href=\"#clearBrowsingData\">https:\/\/help.opera.com\/en\/latest\/security-and-privacy\/#clearBrowsingData<\/a><\/p>\n<p><strong><br \/>\nOtros navegadores<\/strong><br \/>\nConsulte la documentaci\u00f3n del navegador que tenga instalado.<\/p>\n<\/div><\/section><\/p><\/div>\n","protected":false},"excerpt":{"rendered":"","protected":false},"author":1,"featured_media":0,"parent":0,"menu_order":0,"comment_status":"closed","ping_status":"closed","template":"","meta":{"footnotes":""},"categories":[],"tags":[],"class_list":["post-1745","page","type-page","status-publish","hentry"],"aioseo_notices":[],"_links":{"self":[{"href":"https:\/\/pospotential.com\/fr\/wp-json\/wp\/v2\/pages\/1745","targetHints":{"allow":["GET"]}}],"collection":[{"href":"https:\/\/pospotential.com\/fr\/wp-json\/wp\/v2\/pages"}],"about":[{"href":"https:\/\/pospotential.com\/fr\/wp-json\/wp\/v2\/types\/page"}],"author":[{"embeddable":true,"href":"https:\/\/pospotential.com\/fr\/wp-json\/wp\/v2\/users\/1"}],"replies":[{"embeddable":true,"href":"https:\/\/pospotential.com\/fr\/wp-json\/wp\/v2\/comments?post=1745"}],"version-history":[{"count":0,"href":"https:\/\/pospotential.com\/fr\/wp-json\/wp\/v2\/pages\/1745\/revisions"}],"wp:attachment":[{"href":"https:\/\/pospotential.com\/fr\/wp-json\/wp\/v2\/media?parent=1745"}],"wp:term":[{"taxonomy":"category","embeddable":true,"href":"https:\/\/pospotential.com\/fr\/wp-json\/wp\/v2\/categories?post=1745"},{"taxonomy":"post_tag","embeddable":true,"href":"https:\/\/pospotential.com\/fr\/wp-json\/wp\/v2\/tags?post=1745"}],"curies":[{"name":"wp","href":"https:\/\/api.w.org\/{rel}","templated":true}]}}