{"id":1751,"date":"2020-01-13T09:37:02","date_gmt":"2020-01-13T09:37:02","guid":{"rendered":"https:\/\/pospotential.com\/politica-de-privacidad\/"},"modified":"2020-02-24T12:36:18","modified_gmt":"2020-02-24T12:36:18","slug":"politique-de-confidentialite","status":"publish","type":"page","link":"https:\/\/pospotential.com\/fr\/politique-de-confidentialite\/","title":{"rendered":"Politique de confidentialit\u00e9"},"content":{"rendered":"<\/div><\/div><\/div><!-- close content main div --><\/div><\/div>\n<style type=\"text\/css\" data-created_by=\"avia_inline_auto\" id=\"style-css-av-k5c93sie-4e902b0631fafe2c39faf6eb66a013c1\">\n.avia-section.av-k5c93sie-4e902b0631fafe2c39faf6eb66a013c1{\nbackground-color:var(--azul2);\nbackground-image:unset;\n}\n<\/style>\n<div id='av_section_1'  class='avia-section av-k5c93sie-4e902b0631fafe2c39faf6eb66a013c1 main_color avia-section-default avia-no-border-styling avia-bg-style-scroll av-minimum-height av-minimum-height-custom av-height-custom  container_wrap fullsize'   data-av_minimum_height_px='250'><div class='container av-section-cont-open' style='height:250px'><div class='template-page content  av-content-full alpha units'><div class='post-entry post-entry-type-page post-entry-1751'><div class='entry-content-wrapper clearfix'>\n\n<style type=\"text\/css\" data-created_by=\"avia_inline_auto\" id=\"style-css-av-3a17ke-7303ae0e5a0db1f8f2fc4128183ac98e\">\n.flex_column.av-3a17ke-7303ae0e5a0db1f8f2fc4128183ac98e{\nborder-radius:0px 0px 0px 0px;\npadding:0px 0px 0px 0px;\n}\n<\/style>\n<div  class='flex_column av-3a17ke-7303ae0e5a0db1f8f2fc4128183ac98e av_one_full first flex_column_div av-zero-column-padding  '     ><section  class='av_textblock_section av-k5c95mul-9c70089853b37b7fdfec7d85c5f77176 '   itemscope=\"itemscope\" itemtype=\"https:\/\/schema.org\/CreativeWork\" ><div class='avia_textblock'  itemprop=\"text\" ><h1 class=\"headers\">POLITIQUE DE CONFIDENTIALIT\u00c9 : DONN\u00c9ES PERSONNELLES<\/h1>\n<\/div><\/section><br \/>\n<section  class='av_textblock_section av-k5c92tbe-a4b8e7c7f37c82c51e38ed2691370d24 '   itemscope=\"itemscope\" itemtype=\"https:\/\/schema.org\/CreativeWork\" ><div class='avia_textblock'  itemprop=\"text\" ><p><strong>1 &#8211; INTRODUCTION<\/strong><\/p>\n<p>Dans le cadre de son activit\u00e9 commerciale d\u2019\u00e9diteur de presse num\u00e9rique, et ses activit\u00e9s commerciales d\u00e9riv\u00e9es, la Soci\u00e9t\u00e9 THINKBI SLU est amen\u00e9e \u00e0 traiter des informations vous concernant. Par exemple, en naviguant sur notre site internet, en remplissant un formulaire de souscription \u00e0 une newsletter, en cliquant sur un lien que nous vous pr\u00e9sentons, vous nous transmettez des informations dont certaines sont de nature \u00e0 vous identifier (\u00ab donn\u00e9es personnelles \u00bb).<\/p>\n<p>La pr\u00e9sente politique de confidentialit\u00e9 vous informe de la mani\u00e8re dont nous recueillons et traitons vos donn\u00e9es personnelles. Nous vous invitons \u00e0 la lire attentivement.<\/p>\n<p>Important<\/p>\n<p>Nous n\u2019utilisons vos donn\u00e9es personnelles que dans les cas pr\u00e9vus par la r\u00e9glementation en vigueur :<\/p>\n<p>L\u2019ex\u00e9cution d\u2019un contrat que nous avons conclu avec vous, et\/ou<br \/>\n&#8211; Le respect d\u2019une obligation l\u00e9gale, et\/ou<br \/>\n&#8211; Votre consentement \u00e0 l\u2019utilisation de vos donn\u00e9es, et\/ou<br \/>\n&#8211; L\u2019existence d\u2019un int\u00e9r\u00eat l\u00e9gitime \u00e0 utiliser vos donn\u00e9es. L\u2019int\u00e9r\u00eat l\u00e9gitime est un ensemble de raisons commerciales ou d\u2019affaires qui justifie l\u2019utilisation de vos donn\u00e9es par THINKBI SLU.<\/p>\n<p>Pour toute question relative \u00e0 ce document, vous pouvez nous contacter \u00e0 : info@pospotential.net<\/p>\n<p><strong>2 &#8211; QUI EST LE RESPONSABLE DES TRAITEMENTS MENTIONN\u00c9S DANS LE PR\u00c9SENT DOCUMENT ?<\/strong><\/p>\n<p>Le responsable des traitements mentionn\u00e9s par le pr\u00e9sent document est la Soci\u00e9t\u00e9 THINKBI SLU, immatricul\u00e9e au registre du commerce et des soci\u00e9t\u00e9s de Barcelone sous le n\u00b0 B66662206, dont le si\u00e8ge social est situ\u00e9 calle Borrell 4 4-2 08172 Sant Cugat del Vall\u00e8s, Espagne.<\/p>\n<p><strong>3 &#8211; QUELLES SONT LES DONN\u00c9ES QUE NOUS RECUEILLONS SUR VOUS ET DANS QUELLES CIRCONSTANCES LES COLLECTONS-NOUS ?<\/strong><\/p>\n<p>3.1 Les donn\u00e9es que vous nous transmettez directement<\/p>\n<p>A l\u2019occasion des diff\u00e9rents contacts que nous avons avec vous, vous pouvez \u00eatre amen\u00e9 \u00e0 nous communiquer des informations qui vous concernent. Elles sont collect\u00e9es notamment lors de l\u2019inscription \u00e0 une newsletter ou pour acc\u00e9der \u00e0 tout autre service.<\/p>\n<p>Ces donn\u00e9es sont notamment votre adresse e-mail et toute autre information que vous souhaitez porter \u00e0 notre connaissance.<\/p>\n<p>3.2 Les donn\u00e9es que nous recueillons automatiquement<\/p>\n<p>Lors de chacune de vos visites sur nos sites et applications, nous recueillons des informations relatives \u00e0 votre connexion et \u00e0 votre navigation. Diff\u00e9rentes technologies peuvent \u00eatre mises en \u0153uvre pour recueillir ces donn\u00e9es. La principale est le cookie.<\/p>\n<p>3.3 Exclusion de toute donn\u00e9e sensible<\/p>\n<p>THINKBI SLU ne collecte aucune donn\u00e9e sensible vous concernant. Sont consid\u00e9r\u00e9es comme des donn\u00e9es sensibles : l\u2019origine raciale ou ethnique, les opinions politiques, les croyances religieuses ou philosophiques, l\u2019adh\u00e9sion \u00e0 un syndicat, les donn\u00e9es relatives \u00e0 la sant\u00e9 ou l\u2019orientation sexuelle.<\/p>\n<p><strong>4 &#8211; POUR QUELLES FINALIT\u00c9S UTILISONS-NOUS VOS DONN\u00c9ES ?<\/strong><\/p>\n<p>Le pr\u00e9sent article vous indique les principales finalit\u00e9s pour lesquelles nous utilisons les donn\u00e9es mentionn\u00e9es \u00e0 l\u2019article 3.<\/p>\n<p>4.1 Op\u00e9rations de marketing et de prospection commerciale relatives \u00e0 nos produits et services<\/p>\n<p>Envoi d\u2019informations sur notre soci\u00e9t\u00e9 et ses services, envoi d\u2019offres marketing, publicitaires et promotionnelles relatives \u00e0 nos produits et services par courrier postal, e-mail, notifications mobiles, sur les r\u00e9seaux sociaux ou tout autre support ;<br \/>\nActions de fid\u00e9lisation ou de prospection commerciales personnalis\u00e9es ;<br \/>\nRecueil des avis clients ;<br \/>\nElaboration de statistiques commerciales.<\/p>\n<p>Mesure de fr\u00e9quentation et d\u2019audience<\/p>\n<p>Etablissement de statistiques et volumes de fr\u00e9quentation et d\u2019utilisation des divers \u00e9l\u00e9ments composant notre site (rubriques et contenus visit\u00e9s, parcours) afin d\u2019am\u00e9liorer l\u2019int\u00e9r\u00eat et l\u2019ergonomie de nos services ;<br \/>\nComptabilisation du nombre total de publicit\u00e9s affich\u00e9es par nos soins sur nos espaces publicitaires, classement et statistiques ;<br \/>\nAnalyse des audiences en fonction des r\u00e9sultats des campagnes publicitaires ;<br \/>\nD\u00e9termination de centres d\u2019int\u00e9r\u00eat et des comportements ;<br \/>\nAm\u00e9lioration de la connaissance clients\/utilisateurs \u00e0 des fins de personnalisation.<\/p>\n<p><strong>5 &#8211; PENDANT COMBIEN DE TEMPS CONSERVONS-NOUS VOS DONN\u00c9ES ?<\/strong><\/p>\n<p>Vos donn\u00e9es personnelles sont conserv\u00e9es pendant une dur\u00e9e conforme aux dispositions l\u00e9gales ou proportionnelle aux finalit\u00e9s pour lesquelles elles ont \u00e9t\u00e9 enregistr\u00e9es.<\/p>\n<p>Les dur\u00e9es de conservation varient selon que nous avons une relation de nature contractuelle en cours (vous \u00eates un client actif), que nous avons eu avec vous par le pass\u00e9 une relation contractuelle (vous \u00eates un client inactif) ou que nous n\u2019avons jamais eu avec vous de relation de ce type (vous \u00eates alors un prospect). Les donn\u00e9es li\u00e9es \u00e0 votre navigation sur nos services en ligne collect\u00e9es par les cookies que vous avez autoris\u00e9s ont une dur\u00e9e de conservation sp\u00e9cifique.<\/p>\n<p><strong>6 &#8211; QUI EST SUSCEPTIBLE D\u2019AVOIR ACC\u00c8S AUX DONN\u00c9ES QUE NOUS RECUEILLONS ?<\/strong><\/p>\n<p>6-1 Acc\u00e8s aux donn\u00e9es<br \/>\nSont susceptibles d\u2019avoir acc\u00e8s \u00e0 certaines de vos donn\u00e9es :<\/p>\n<p>Les collaborateurs des services administratif, comptabilit\u00e9 et contr\u00f4le de gestion, informatique, community management et marketing &amp; commercial.<br \/>\nL\u2019acc\u00e8s \u00e0 vos donn\u00e9es se fait sur la base d\u2019autorisations d\u2019acc\u00e8s individuel et limit\u00e9. Les personnels pouvant acc\u00e9der aux donn\u00e9es personnelles sont soumis \u00e0 une obligation de confidentialit\u00e9 (par un engagement nominal et personnel de confidentialit\u00e9).<\/p>\n<p>6-2 Transmission de donn\u00e9es<\/p>\n<p>Sont \u00e9galement susceptibles d\u2019avoir acc\u00e8s \u00e0 certaines de vos donn\u00e9es :<\/p>\n<p>Les sous-traitants<br \/>\nIls assurent des prestations pour notre compte, notamment :<\/p>\n<p>Gestion des appels t\u00e9l\u00e9phoniques, envoi de courriers postaux ou num\u00e9riques<br \/>\nPersonnalisation des contenus des sites et applications mobiles<br \/>\nR\u00e9alisation d\u2019op\u00e9rations de maintenance et de d\u00e9veloppements techniques<br \/>\nRecueil des avis clients<br \/>\nFourniture de solutions analytiques ou de statistiques de mesure d\u2019audience<br \/>\nL\u2019acc\u00e8s de nos sous-traitants \u00e0 vos donn\u00e9es se fait sur la base de contrats sign\u00e9s faisant mention des obligations leur incombant en mati\u00e8re de protection de la s\u00e9curit\u00e9 et de la confidentialit\u00e9 des donn\u00e9es.<\/p>\n<p>Les plates-formes de r\u00e9seaux sociaux<br \/>\nL\u2019utilisation des r\u00e9seaux sociaux pour interagir avec nos sites et applications (notamment les boutons \u00ab partager \u00bb de Facebook, Twitter, Google+) est en effet susceptible d\u2019entra\u00eener des \u00e9changes de donn\u00e9es entre THINKBI SLU et ces r\u00e9seaux sociaux. Par exemple, si vous \u00eates connect\u00e9 au r\u00e9seau social Facebook et que vous consultez une page du site www.pospotential.com Facebook est susceptible de collecter cette information. De m\u00eame, si vous consultez un article sur le site www.pospotential.com et que vous cliquez sur le bouton \u00ab tweeter \u00bb, Twitter collectera cette information. Nous vous invitons donc \u00e0 consulter les politiques de gestion des donn\u00e9es personnelles des diff\u00e9rents r\u00e9seaux sociaux pour avoir connaissance des collectes et traitements qu\u2019ils effectuent sur vos donn\u00e9es.<\/p>\n<p><strong>VOS DONN\u00c9ES SONT-ELLES TRANSF\u00c9R\u00c9ES EN DEHORS DE L\u2019UNION EUROP\u00c9ENNE ?<\/strong><\/p>\n<p>Nous conservons vos donn\u00e9es personnelles dans l\u2019Union europ\u00e9enne. Dans tous les cas, nous nous assurons de ce que le traitement soit effectu\u00e9 conform\u00e9ment \u00e0 la pr\u00e9sente politique de confidentialit\u00e9 et qu\u2019il soit encadr\u00e9 par les clauses contractuelles types de la Commission europ\u00e9enne qui permettent de garantir un niveau de protection suffisant de la vie priv\u00e9e et des droits fondamentaux des personnes.<\/p>\n<p>COMMENT VOS DONN\u00c9ES SONT-ELLES PROT\u00c9G\u00c9ES ?<\/p>\n<p>En tant que responsable de traitements, nous mettons en \u0153uvre des mesures techniques et organisationnelles appropri\u00e9es conform\u00e9ment aux dispositions l\u00e9gales applicables, pour prot\u00e9ger vos donn\u00e9es personnelles contre l\u2019alt\u00e9ration, la perte accidentelle ou illicite, l\u2019utilisation, la divulgation ou l\u2019acc\u00e8s non autoris\u00e9.<\/p>\n<p>La nomination d\u2019un d\u00e9l\u00e9gu\u00e9 \u00e0 la protection des donn\u00e9es ;<br \/>\nLa constitution d\u2019une cellule consacr\u00e9e \u00e0 la s\u00e9curit\u00e9 des syst\u00e8mes d\u2019information ;<br \/>\nLa sensibilisation aux exigences de confidentialit\u00e9 de nos collaborateurs amen\u00e9s \u00e0 acc\u00e9der<br \/>\n\u00e0 vos donn\u00e9es personnelles ;<br \/>\nLa s\u00e9curisation de l\u2019acc\u00e8s \u00e0 nos locaux et \u00e0 nos plates-formes informatiques ;<br \/>\nLa mise en \u0153uvre d\u2019une politique g\u00e9n\u00e9rale de s\u00e9curit\u00e9 informatique de l\u2019entreprise ;<br \/>\nLa s\u00e9curisation de l\u2019acc\u00e8s, du partage et du transfert des donn\u00e9es ;<br \/>\nLe haut degr\u00e9 d\u2019exigence en mati\u00e8re de protection des donn\u00e9es lors de la s\u00e9lection de nos sous-traitants et partenaires.<\/p>\n<p><strong>7 &#8211; QUELS SONT VOS DROITS ?<\/strong><\/p>\n<p>7.1 Vos droits en mati\u00e8re d\u2019acc\u00e8s \u00e0 vos donn\u00e9es personnelles<\/p>\n<p>Vous avez le droit d\u2019acc\u00e9der \u00e0 vos donn\u00e9es personnelles et de demander qu\u2019elles soient rectifi\u00e9es, compl\u00e9t\u00e9es ou mises \u00e0 jour. Vous pouvez \u00e9galement demander l\u2019effacement de vos donn\u00e9es ou vous opposer \u00e0 leur traitement, \u00e0 condition de justifier d\u2019un motif l\u00e9gitime.<\/p>\n<p>Vous pouvez demander \u00e0 exercer votre droit \u00e0 la portabilit\u00e9 de vos donn\u00e9es, c\u2019est-\u00e0-dire le droit de recevoir les donn\u00e9es personnelles que vous nous avez fournies dans un format structur\u00e9, couramment utilis\u00e9 et le droit de transmettre ces donn\u00e9es \u00e0 un autre responsable de traitements.<\/p>\n<p>Vous pouvez enfin formuler des directives relatives \u00e0 la conservation, \u00e0 l\u2019effacement et \u00e0 la communication de vos donn\u00e9es \u00e0 caract\u00e8re personnel apr\u00e8s votre d\u00e9c\u00e8s.<\/p>\n<p>Vous pouvez exercer vos droits en nous \u00e9crivant \u00e0 : info@pospotential.net<\/p>\n<p>Avant de r\u00e9pondre \u00e0 votre demande, nous sommes susceptibles de v\u00e9rifier votre identit\u00e9 et\/ou vous demander de nous fournir davantage d\u2019informations pour r\u00e9pondre \u00e0 votre demande. Nous nous efforcerons de donner suite \u00e0 votre demande dans un d\u00e9lai raisonnable et, en tout \u00e9tat de cause, dans les d\u00e9lais fix\u00e9s par la loi.<\/p>\n<p>7.2 Vos droits en mati\u00e8re d\u2019opposition aux sollicitations commerciales<\/p>\n<p>Nous sommes susceptibles d\u2019utiliser vos coordonn\u00e9es dans le cadre de sollicitations commerciales, en conformit\u00e9 avec la loi applicable et les clauses de la pr\u00e9sente politique de confidentialit\u00e9. Vous pouvez \u00e0 tout moment vous opposer \u00e0 ces sollicitations, selon des modalit\u00e9s qui d\u00e9pendent du canal de communication que nous utilisons pour vous les adresser.<\/p>\n<p>Sollicitations commerciales par voie \u00e9lectronique (e-mail) :<\/p>\n<p>Nous respectons les r\u00e8gles de l\u2019article L.34-5 du code des postes et des communications \u00e9lectroniques qui pr\u00e9voit le recueil pr\u00e9alable et expr\u00e8s de votre consentement pour l\u2019envoi de prospection commerciale par voie \u00e9lectronique (e-mail, push notifications ou SMS).<\/p>\n<p>Cependant, votre consentement expr\u00e8s et pr\u00e9alable n\u2019est pas obligatoire lorsque vous \u00eates d\u00e9j\u00e0 client de THINKBI SLU et que l\u2019objet de notre sollicitation est de vous proposer des produits ou services analogues \u00e0 ceux que nous vous fournissons d\u00e9j\u00e0.<\/p>\n<p>Dans tous les cas, vous avez toujours la possibilit\u00e9 de vous opposer \u00e0 la r\u00e9ception de ces sollicitations en cliquant sur le lien de d\u00e9sabonnement pr\u00e9vu dans chaque e-mail.<\/p>\n<\/div><\/section><\/p><\/div>\n","protected":false},"excerpt":{"rendered":"","protected":false},"author":1,"featured_media":0,"parent":0,"menu_order":0,"comment_status":"closed","ping_status":"closed","template":"","meta":{"footnotes":""},"categories":[],"tags":[],"class_list":["post-1751","page","type-page","status-publish","hentry"],"aioseo_notices":[],"_links":{"self":[{"href":"https:\/\/pospotential.com\/fr\/wp-json\/wp\/v2\/pages\/1751","targetHints":{"allow":["GET"]}}],"collection":[{"href":"https:\/\/pospotential.com\/fr\/wp-json\/wp\/v2\/pages"}],"about":[{"href":"https:\/\/pospotential.com\/fr\/wp-json\/wp\/v2\/types\/page"}],"author":[{"embeddable":true,"href":"https:\/\/pospotential.com\/fr\/wp-json\/wp\/v2\/users\/1"}],"replies":[{"embeddable":true,"href":"https:\/\/pospotential.com\/fr\/wp-json\/wp\/v2\/comments?post=1751"}],"version-history":[{"count":0,"href":"https:\/\/pospotential.com\/fr\/wp-json\/wp\/v2\/pages\/1751\/revisions"}],"wp:attachment":[{"href":"https:\/\/pospotential.com\/fr\/wp-json\/wp\/v2\/media?parent=1751"}],"wp:term":[{"taxonomy":"category","embeddable":true,"href":"https:\/\/pospotential.com\/fr\/wp-json\/wp\/v2\/categories?post=1751"},{"taxonomy":"post_tag","embeddable":true,"href":"https:\/\/pospotential.com\/fr\/wp-json\/wp\/v2\/tags?post=1751"}],"curies":[{"name":"wp","href":"https:\/\/api.w.org\/{rel}","templated":true}]}}