{"id":2019,"date":"2020-01-07T11:05:10","date_gmt":"2020-01-07T11:05:10","guid":{"rendered":"https:\/\/pospotential.com\/contacto\/"},"modified":"2024-04-22T18:15:11","modified_gmt":"2024-04-22T18:15:11","slug":"contact","status":"publish","type":"page","link":"https:\/\/pospotential.com\/fr\/contact\/","title":{"rendered":"Contact"},"content":{"rendered":"<\/div><\/div><\/div><!-- close content main div --><\/div><\/div><div id='av-layout-grid-1'  class='av-layout-grid-container av-k2347idx-2018052e219bcd4e1c00cba76ad865ef entry-content-wrapper main_color av-flex-cells av-cell-min-height av-cell-min-height-100  container_wrap fullsize'   data-av_minimum_height_pc='100'>\n\n<style type=\"text\/css\" data-created_by=\"avia_inline_auto\" id=\"style-css-av-k233kcso-b20f8a8abd4a09788de7f909b565625b\">\n.flex_cell.av-k233kcso-b20f8a8abd4a09788de7f909b565625b{\nvertical-align:top;\nbackground:url(https:\/\/pospotential.com\/wp-content\/uploads\/detalle-esquina-contacto.png) 100% 0% no-repeat scroll var(--verde1);\n}\n.responsive #top #wrap_all .flex_cell.av-k233kcso-b20f8a8abd4a09788de7f909b565625b{\npadding:100px 5% 100px 5% !important;\n}\n<\/style>\n<div class='flex_cell av-k233kcso-b20f8a8abd4a09788de7f909b565625b av-gridrow-cell av_one_half no_margin content-align-top'  ><div class='flex_cell_inner'><br \/>\n\n<style type=\"text\/css\" data-created_by=\"avia_inline_auto\" id=\"style-css-av-k6rp4xuq-eb91c58acb1301acec3b933652daf2fe\">\n#top .hr.hr-invisible.av-k6rp4xuq-eb91c58acb1301acec3b933652daf2fe{\nheight:200px;\n}\n<\/style>\n<div  class='hr av-k6rp4xuq-eb91c58acb1301acec3b933652daf2fe hr-invisible av-medium-hide av-small-hide av-mini-hide'><span class='hr-inner '><span class=\"hr-inner-style\"><\/span><\/span><\/div><br \/>\n\n<style type=\"text\/css\" data-created_by=\"avia_inline_auto\" id=\"style-css-av-k236rjv5-4b661629af14978a7713d90e3e5efa85\">\n.flex_column.av-k236rjv5-4b661629af14978a7713d90e3e5efa85{\nborder-radius:0px 0px 0px 0px;\npadding:0px 0px 0px 0px;\n}\n<\/style>\n<div  class='flex_column av-k236rjv5-4b661629af14978a7713d90e3e5efa85 av_one_full first flex_column_div av-animated-generic right-to-left av-zero-column-padding  '     ><style type=\"text\/css\" data-created_by=\"avia_inline_auto\" id=\"style-css-av-s9ty-0b7ce0061e29888ff640b36e230430d7\">\n#top .av_textblock_section.av-s9ty-0b7ce0061e29888ff640b36e230430d7 .avia_textblock{\ncolor:#ffffff;\n}\n<\/style>\n<section  class='av_textblock_section av-s9ty-0b7ce0061e29888ff640b36e230430d7 '   itemscope=\"itemscope\" itemtype=\"https:\/\/schema.org\/CreativeWork\" ><div class='avia_textblock av_inherit_color'  itemprop=\"text\" ><h1 class=\"headers\"><span style=\"color: var(--azul2);\">Hello!<\/span><br \/>\nNous serons ravis<br \/>\n<span style=\"color: var(--azul2);\">de vous contacter<\/span>.<\/h1>\n<\/div><\/section><br \/>\n\n<style type=\"text\/css\" data-created_by=\"avia_inline_auto\" id=\"style-css-av-k3spigoi-788d74e26c2a4b4046496e13b9a36287\">\n#top .hr.hr-invisible.av-k3spigoi-788d74e26c2a4b4046496e13b9a36287{\nheight:10px;\n}\n<\/style>\n<div  class='hr av-k3spigoi-788d74e26c2a4b4046496e13b9a36287 hr-invisible'><span class='hr-inner '><span class=\"hr-inner-style\"><\/span><\/span><\/div><br \/>\n\n<style type=\"text\/css\" data-created_by=\"avia_inline_auto\" id=\"style-css-av-d65mm-02365778fe80fcbeec1de3c9fa4e3e73\">\n#top .av_textblock_section.av-d65mm-02365778fe80fcbeec1de3c9fa4e3e73 .avia_textblock{\ncolor:#ffffff;\n}\n<\/style>\n<section  class='av_textblock_section av-d65mm-02365778fe80fcbeec1de3c9fa4e3e73 '   itemscope=\"itemscope\" itemtype=\"https:\/\/schema.org\/CreativeWork\" ><div class='avia_textblock av_inherit_color'  itemprop=\"text\" ><p class=\"contacto-ubicacion\" style=\"text-align: left;\"><a style=\"text-decoration: none;\" href=\"https:\/\/goo.gl\/maps\/FtYUhhy37D5pqqLA6\" target=\"_blank\" rel=\"noopener noreferrer\">Avenida de Cerdanyola, 73 4\u00ba Derecha<br \/>\n08172 Sant Cugat del Vall\u00e8s, Barcelona<\/a><\/p>\n<p class=\"contacto-mail\" style=\"text-align: left;\"><a href=\"mailto:contact@pospotential.com\">contact@pospotential.com<\/a><\/p>\n<p class=\"contacto-telf\" style=\"text-align: left;\"><a href=\"tel:+34936222175\">+34 93 622 21 75<\/a><\/p>\n<\/div><\/section><br \/>\n<br \/>\n\n<style type=\"text\/css\" data-created_by=\"avia_inline_auto\" id=\"style-css-av-khg7ojlk-31219c09e2b2c8bc30ba1544f0d8fc16\">\n#top .av_textblock_section.av-khg7ojlk-31219c09e2b2c8bc30ba1544f0d8fc16 .avia_textblock{\nfont-size:10px;\n}\n<\/style>\n<section  class='av_textblock_section av-khg7ojlk-31219c09e2b2c8bc30ba1544f0d8fc16 '   itemscope=\"itemscope\" itemtype=\"https:\/\/schema.org\/CreativeWork\" ><div class='avia_textblock'  itemprop=\"text\" ><p>ThinkBI SLU traite les donn\u00e9es personnelles afin de r\u00e9pondre \u00e0 votre demande ou demande avec votre consentement. Pour en savoir plus sur la fa\u00e7on dont nous g\u00e9rons vos donn\u00e9es personnelles et pour exercer vos droits, veuillez vous r\u00e9f\u00e9rer \u00e0 notre politique de confidentialit\u00e9.<\/p>\n<\/div><\/section><\/p><\/div><\/p>\n<\/div><\/div>\n<style type=\"text\/css\" data-created_by=\"avia_inline_auto\" id=\"style-css-av-k233vca4-f7cf0573c37407b72c79efeaf975eef2\">\n.flex_cell.av-k233vca4-f7cf0573c37407b72c79efeaf975eef2{\nvertical-align:top;\nbackground-color:#000000;\n}\n.responsive #top #wrap_all .flex_cell.av-k233vca4-f7cf0573c37407b72c79efeaf975eef2{\npadding:0px 0px 0px 0px !important;\n}\n<\/style>\n<div class='flex_cell av-k233vca4-f7cf0573c37407b72c79efeaf975eef2 av-gridrow-cell av_one_half no_margin  contacto-map content-align-top av-zero-padding'  ><div class='flex_cell_inner'>\n<\/div><\/div><\/div>\n","protected":false},"excerpt":{"rendered":"","protected":false},"author":1,"featured_media":1610,"parent":0,"menu_order":0,"comment_status":"closed","ping_status":"closed","template":"","meta":{"footnotes":""},"categories":[],"tags":[],"class_list":["post-2019","page","type-page","status-publish","has-post-thumbnail","hentry"],"aioseo_notices":[],"_links":{"self":[{"href":"https:\/\/pospotential.com\/fr\/wp-json\/wp\/v2\/pages\/2019","targetHints":{"allow":["GET"]}}],"collection":[{"href":"https:\/\/pospotential.com\/fr\/wp-json\/wp\/v2\/pages"}],"about":[{"href":"https:\/\/pospotential.com\/fr\/wp-json\/wp\/v2\/types\/page"}],"author":[{"embeddable":true,"href":"https:\/\/pospotential.com\/fr\/wp-json\/wp\/v2\/users\/1"}],"replies":[{"embeddable":true,"href":"https:\/\/pospotential.com\/fr\/wp-json\/wp\/v2\/comments?post=2019"}],"version-history":[{"count":3,"href":"https:\/\/pospotential.com\/fr\/wp-json\/wp\/v2\/pages\/2019\/revisions"}],"predecessor-version":[{"id":8282,"href":"https:\/\/pospotential.com\/fr\/wp-json\/wp\/v2\/pages\/2019\/revisions\/8282"}],"wp:featuredmedia":[{"embeddable":true,"href":"https:\/\/pospotential.com\/fr\/wp-json\/wp\/v2\/media\/1610"}],"wp:attachment":[{"href":"https:\/\/pospotential.com\/fr\/wp-json\/wp\/v2\/media?parent=2019"}],"wp:term":[{"taxonomy":"category","embeddable":true,"href":"https:\/\/pospotential.com\/fr\/wp-json\/wp\/v2\/categories?post=2019"},{"taxonomy":"post_tag","embeddable":true,"href":"https:\/\/pospotential.com\/fr\/wp-json\/wp\/v2\/tags?post=2019"}],"curies":[{"name":"wp","href":"https:\/\/api.w.org\/{rel}","templated":true}]}}