{"id":3997,"date":"2021-04-07T09:35:13","date_gmt":"2021-04-07T09:35:13","guid":{"rendered":"https:\/\/pospotential.com\/?page_id=3997"},"modified":"2021-09-21T15:12:35","modified_gmt":"2021-09-21T15:12:35","slug":"des-produits-toujours-disponibles","status":"publish","type":"page","link":"https:\/\/pospotential.com\/fr\/services\/des-produits-toujours-disponibles\/","title":{"rendered":"Des produits toujours disponibles"},"content":{"rendered":"<\/div><\/div><\/div><!-- close content main div --><\/div><\/div><div id='av-layout-grid-1'  class='av-layout-grid-container av-k2347idx-2018052e219bcd4e1c00cba76ad865ef entry-content-wrapper main_color av-flex-cells av-cell-min-height av-cell-min-height-100  container_wrap fullsize'   data-av_minimum_height_pc='100'>\n\n<style type=\"text\/css\" data-created_by=\"avia_inline_auto\" id=\"style-css-av-k233kcso-310b79c7f011c8755de34e01de2c7114\">\n.flex_cell.av-k233kcso-310b79c7f011c8755de34e01de2c7114{\nvertical-align:middle;\nbackground:url(https:\/\/pospotential.com\/wp-content\/uploads\/roturabg.jpg) 50% 0% no-repeat scroll ;\n}\n.responsive #top #wrap_all .flex_cell.av-k233kcso-310b79c7f011c8755de34e01de2c7114{\npadding:30px 30px 30px 30px !important;\n}\n<\/style>\n<div class='flex_cell av-k233kcso-310b79c7f011c8755de34e01de2c7114 av-gridrow-cell av_one_half no_margin content-align-middle avia-full-stretch'  ><div class='flex_cell_inner'>\n<style type=\"text\/css\" data-created_by=\"avia_inline_auto\" id=\"style-css-av-k25yj7no-d7163157ffd4d274ea8a84b647548e91\">\n#top .hr.hr-invisible.av-k25yj7no-d7163157ffd4d274ea8a84b647548e91{\nheight:450px;\n}\n<\/style>\n<div  class='hr av-k25yj7no-d7163157ffd4d274ea8a84b647548e91 hr-invisible'><span class='hr-inner '><span class=\"hr-inner-style\"><\/span><\/span><\/div>\n<\/div><\/div>\n<style type=\"text\/css\" data-created_by=\"avia_inline_auto\" id=\"style-css-av-k233vca4-52c57a54c303683ad2d318e118643664\">\n.flex_cell.av-k233vca4-52c57a54c303683ad2d318e118643664{\nvertical-align:middle;\nbackground:url(https:\/\/pospotential.com\/wp-content\/uploads\/detalle-servicios-2.png) 100% 0% no-repeat scroll var(--verde1);\n}\n.responsive #top #wrap_all .flex_cell.av-k233vca4-52c57a54c303683ad2d318e118643664{\npadding:100px 10% 100px 5% !important;\n}\n<\/style>\n<div class='flex_cell av-k233vca4-52c57a54c303683ad2d318e118643664 av-gridrow-cell av_one_half no_margin content-align-middle'  ><div class='flex_cell_inner'><br \/>\n\n<style type=\"text\/css\" data-created_by=\"avia_inline_auto\" id=\"style-css-av-k236rjv5-4b661629af14978a7713d90e3e5efa85\">\n.flex_column.av-k236rjv5-4b661629af14978a7713d90e3e5efa85{\nborder-radius:0px 0px 0px 0px;\npadding:0px 0px 0px 0px;\n}\n<\/style>\n<div  class='flex_column av-k236rjv5-4b661629af14978a7713d90e3e5efa85 av_one_full first flex_column_div av-animated-generic right-to-left av-zero-column-padding  '     ><p>\n<style type=\"text\/css\" data-created_by=\"avia_inline_auto\" id=\"style-css-av-s9ty-0b7ce0061e29888ff640b36e230430d7\">\n#top .av_textblock_section.av-s9ty-0b7ce0061e29888ff640b36e230430d7 .avia_textblock{\ncolor:#ffffff;\n}\n<\/style>\n<section  class='av_textblock_section av-s9ty-0b7ce0061e29888ff640b36e230430d7 '   itemscope=\"itemscope\" itemtype=\"https:\/\/schema.org\/CreativeWork\" ><div class='avia_textblock av_inherit_color'  itemprop=\"text\" ><p>#desproduitstoujoursdisponibles<\/p>\n<\/div><\/section><br \/>\n\n<style type=\"text\/css\" data-created_by=\"avia_inline_auto\" id=\"style-css-av-k3spigoi-2fb38128b78e47003360099b493ae604\">\n#top .hr.hr-invisible.av-k3spigoi-2fb38128b78e47003360099b493ae604{\nheight:16px;\n}\n<\/style>\n<div  class='hr av-k3spigoi-2fb38128b78e47003360099b493ae604 hr-invisible'><span class='hr-inner '><span class=\"hr-inner-style\"><\/span><\/span><\/div><br \/>\n\n<style type=\"text\/css\" data-created_by=\"avia_inline_auto\" id=\"style-css-av-s9ty-0b7ce0061e29888ff640b36e230430d7\">\n#top .av_textblock_section.av-s9ty-0b7ce0061e29888ff640b36e230430d7 .avia_textblock{\ncolor:#ffffff;\n}\n<\/style>\n<section  class='av_textblock_section av-s9ty-0b7ce0061e29888ff640b36e230430d7 '   itemscope=\"itemscope\" itemtype=\"https:\/\/schema.org\/CreativeWork\" ><div class='avia_textblock av_inherit_color'  itemprop=\"text\" ><h1 class=\"headers\"><span style=\"color: var(--azul2);\">Des produits toujours <\/span> disponibles<\/h1>\n<\/div><\/section><br \/>\n\n<style type=\"text\/css\" data-created_by=\"avia_inline_auto\" id=\"style-css-av-k3spigoi-2fb38128b78e47003360099b493ae604\">\n#top .hr.hr-invisible.av-k3spigoi-2fb38128b78e47003360099b493ae604{\nheight:16px;\n}\n<\/style>\n<div  class='hr av-k3spigoi-2fb38128b78e47003360099b493ae604 hr-invisible'><span class='hr-inner '><span class=\"hr-inner-style\"><\/span><\/span><\/div><br \/>\n\n<style type=\"text\/css\" data-created_by=\"avia_inline_auto\" id=\"style-css-av-s9ty-0b7ce0061e29888ff640b36e230430d7\">\n#top .av_textblock_section.av-s9ty-0b7ce0061e29888ff640b36e230430d7 .avia_textblock{\ncolor:#ffffff;\n}\n<\/style>\n<section  class='av_textblock_section av-s9ty-0b7ce0061e29888ff640b36e230430d7 '   itemscope=\"itemscope\" itemtype=\"https:\/\/schema.org\/CreativeWork\" ><div class='avia_textblock av_inherit_color'  itemprop=\"text\" ><p>Les ruptures de stock repr\u00e9sentent le pire ennemi de la vente et affectent aussi bien le chiffre d\u2019affaires que l\u2019image du magasin, voire m\u00eame de la cha\u00eene.<\/p>\n<\/div><\/section><\/p><\/div><\/p>\n<\/div><\/div><\/div><\/div><\/div><\/div><!-- close content main div --><\/div><\/div>\n<style type=\"text\/css\" data-created_by=\"avia_inline_auto\" id=\"style-css-av-k3sq1gdr-1ef2d7ba804fe6f346086e1bea0f38ba\">\n.avia-section.av-k3sq1gdr-1ef2d7ba804fe6f346086e1bea0f38ba{\nbackground-color:#ffffff;\nbackground-image:url(https:\/\/pospotential.com\/wp-content\/uploads\/detalle-esquina-servicios-2.png);\nbackground-repeat:no-repeat;\nbackground-position:100% 100%;\nbackground-attachment:scroll;\n}\n<\/style>\n<div id='av_section_1'  class='avia-section av-k3sq1gdr-1ef2d7ba804fe6f346086e1bea0f38ba main_color avia-section-default avia-no-border-styling avia-bg-style-scroll container_wrap fullsize'  data-section-bg-repeat='no-repeat'><div class='container av-section-cont-open' ><div class='template-page content  av-content-full alpha units'><div class='post-entry post-entry-type-page post-entry-3997'><div class='entry-content-wrapper clearfix'>\n\n<style type=\"text\/css\" data-created_by=\"avia_inline_auto\" id=\"style-css-av-k3spigoi-bfe87271e8714a91559ef0be68cbf958\">\n#top .hr.hr-invisible.av-k3spigoi-bfe87271e8714a91559ef0be68cbf958{\nheight:50px;\n}\n<\/style>\n<div  class='hr av-k3spigoi-bfe87271e8714a91559ef0be68cbf958 hr-invisible'><span class='hr-inner '><span class=\"hr-inner-style\"><\/span><\/span><\/div>\n<div class='flex_column_table av-731je-41f7ccd62965e0f54d83aca9728c4ec4 sc-av_one_fourth av-equal-height-column-flextable'>\n<style type=\"text\/css\" data-created_by=\"avia_inline_auto\" id=\"style-css-av-731je-41f7ccd62965e0f54d83aca9728c4ec4\">\n.flex_column.av-731je-41f7ccd62965e0f54d83aca9728c4ec4{\nborder-radius:0px 0px 0px 0px;\npadding:0px 0px 0px 0px;\n}\n<\/style>\n<div  class='flex_column av-731je-41f7ccd62965e0f54d83aca9728c4ec4 av_one_fourth first no_margin flex_column_table_cell av-equal-height-column av-align-middle av-animated-generic bottom-to-top av-zero-column-padding  '     ><style type=\"text\/css\" data-created_by=\"avia_inline_auto\" id=\"style-css-av-k4cmlbbh-49940b6e36d70dd305eaf025a7b87090\">\n.avia-image-container.av-k4cmlbbh-49940b6e36d70dd305eaf025a7b87090 img.avia_image{\nbox-shadow:none;\n}\n.avia-image-container.av-k4cmlbbh-49940b6e36d70dd305eaf025a7b87090 .av-image-caption-overlay-center{\ncolor:#ffffff;\n}\n<\/style>\n<div  class='avia-image-container av-k4cmlbbh-49940b6e36d70dd305eaf025a7b87090 av-styling- avia_animated_image av-animated-when-visible-95 fade-in avia-align-center'   itemprop=\"image\" itemscope=\"itemscope\" itemtype=\"https:\/\/schema.org\/ImageObject\" ><div class=\"avia-image-container-inner\"><div class=\"avia-image-overlay-wrap\"><img decoding=\"async\" fetchpriority=\"high\" class='wp-image-3954 avia-img-lazy-loading-not-3954 avia_image ' src=\"https:\/\/pospotential.com\/wp-content\/uploads\/rotura.png\" alt='' title='rotura'  height=\"177\" width=\"170\"  itemprop=\"thumbnailUrl\" srcset=\"https:\/\/pospotential.com\/wp-content\/uploads\/rotura.png 170w, https:\/\/pospotential.com\/wp-content\/uploads\/rotura-36x36.png 36w\" sizes=\"(max-width: 170px) 100vw, 170px\" \/><\/div><\/div><\/div><\/div><\/div><!--close column table wrapper. Autoclose: 1 --><div class='flex_column_table av-731je-f8e8082ccd2c4929f8c1c9f400fd935b sc-av_three_fourth av-equal-height-column-flextable'>\n<style type=\"text\/css\" data-created_by=\"avia_inline_auto\" id=\"style-css-av-731je-f8e8082ccd2c4929f8c1c9f400fd935b\">\n.flex_column.av-731je-f8e8082ccd2c4929f8c1c9f400fd935b{\nborder-radius:0px 0px 0px 0px;\npadding:0px 0px 0px 0px;\n}\n<\/style>\n<div  class='flex_column av-731je-f8e8082ccd2c4929f8c1c9f400fd935b av_three_fourth no_margin flex_column_table_cell av-equal-height-column av-align-middle av-animated-generic right-to-left av-zero-column-padding  '     ><style type=\"text\/css\" data-created_by=\"avia_inline_auto\" id=\"style-css-av-s9ty-da4d082a94ffece6fff8620b4ae7cf5f\">\n#top .av_textblock_section.av-s9ty-da4d082a94ffece6fff8620b4ae7cf5f .avia_textblock{\nfont-size:22px;\ncolor:var(--azul1);\n}\n<\/style>\n<section  class='av_textblock_section av-s9ty-da4d082a94ffece6fff8620b4ae7cf5f '   itemscope=\"itemscope\" itemtype=\"https:\/\/schema.org\/CreativeWork\" ><div class='avia_textblock av_inherit_color'  itemprop=\"text\" ><p style=\"text-align: left;\">Nous d\u00e9tectons <strong style=\"color: var(--verde1);\">les ruptures de stock<\/strong> en nous basant sur <strong style=\"color: var(--verde1);\">les donn\u00e9es quotidiennes disponibles de sell-out<\/strong> et proposons des outils adapt\u00e9s et des alarmes \u00ab push \u00bb destin\u00e9es tant \u00e0 la force de vente qu\u2019\u00e0 la supply chain. L\u2019objectif \u00e9tant de minimiser l\u2019impact n\u00e9gatif des ruptures de stock sur les ventes. Nous analysons \u00e9galement les causes de ces ruptures pour maximiser le niveau de disponibilit\u00e9 des produits en magasin.<\/p>\n<\/div><\/section><\/div><\/div><!--close column table wrapper. Autoclose: 1 -->\n<style type=\"text\/css\" data-created_by=\"avia_inline_auto\" id=\"style-css-av-k3spigoi-bfe87271e8714a91559ef0be68cbf958\">\n#top .hr.hr-invisible.av-k3spigoi-bfe87271e8714a91559ef0be68cbf958{\nheight:50px;\n}\n<\/style>\n<div  class='hr av-k3spigoi-bfe87271e8714a91559ef0be68cbf958 hr-invisible'><span class='hr-inner '><span class=\"hr-inner-style\"><\/span><\/span><\/div>\n<\/div><\/div><\/div><!-- close content main div --><\/div><\/div><div id='av-layout-grid-2'  class='av-layout-grid-container av-k2347idx-2018052e219bcd4e1c00cba76ad865ef entry-content-wrapper main_color av-flex-cells av-cell-min-height av-cell-min-height-100  container_wrap fullsize'   data-av_minimum_height_pc='100'>\n\n<style type=\"text\/css\" data-created_by=\"avia_inline_auto\" id=\"style-css-av-k233kcso-a9978ceda93181a722235b36c72d3e0e\">\n.flex_cell.av-k233kcso-a9978ceda93181a722235b36c72d3e0e{\nvertical-align:top;\nbackground-color:#f6f7f7;\n}\n.responsive #top #wrap_all .flex_cell.av-k233kcso-a9978ceda93181a722235b36c72d3e0e{\npadding:100px 10% 100px 5% !important;\n}\n<\/style>\n<div class='flex_cell av-k233kcso-a9978ceda93181a722235b36c72d3e0e av-gridrow-cell av_one_half no_margin content-align-top'  ><div class='flex_cell_inner'><div class='flex_column_table av-k236rjv5-d4ba63028361cc27b1d9e63eff1d47fd sc-av_one_full av-equal-height-column-flextable'>\n<style type=\"text\/css\" data-created_by=\"avia_inline_auto\" id=\"style-css-av-k236rjv5-d4ba63028361cc27b1d9e63eff1d47fd\">\n.flex_column.av-k236rjv5-d4ba63028361cc27b1d9e63eff1d47fd{\nborder-radius:0px 0px 0px 0px;\npadding:0px 0px 0px 0px;\n}\n<\/style>\n<div  class='flex_column av-k236rjv5-d4ba63028361cc27b1d9e63eff1d47fd av_one_full first flex_column_table_cell av-equal-height-column av-align-top av-animated-generic left-to-right av-zero-column-padding  '     ><style type=\"text\/css\" data-created_by=\"avia_inline_auto\" id=\"style-css-av-s9ty-575e7c785b2ac4d257a8053a5dce08d2\">\n#top .av_textblock_section.av-s9ty-575e7c785b2ac4d257a8053a5dce08d2 .avia_textblock{\ncolor:var(--verde1);\n}\n<\/style>\n<section  class='av_textblock_section av-s9ty-575e7c785b2ac4d257a8053a5dce08d2 '   itemscope=\"itemscope\" itemtype=\"https:\/\/schema.org\/CreativeWork\" ><div class='avia_textblock av_inherit_color'  itemprop=\"text\" ><h2 class=\"headers\">Probl\u00e9matique ruptures: r\u00e9duire les ruptures de stock<\/h2>\n<\/div><\/section><br \/>\n\n<style type=\"text\/css\" data-created_by=\"avia_inline_auto\" id=\"style-css-av-k3spigoi-7e31c9c0ee1da0dadf6ae6dff4f672e9\">\n#top .hr.hr-invisible.av-k3spigoi-7e31c9c0ee1da0dadf6ae6dff4f672e9{\nheight:30px;\n}\n<\/style>\n<div  class='hr av-k3spigoi-7e31c9c0ee1da0dadf6ae6dff4f672e9 hr-invisible'><span class='hr-inner '><span class=\"hr-inner-style\"><\/span><\/span><\/div><br \/>\n\n<style type=\"text\/css\" data-created_by=\"avia_inline_auto\" id=\"style-css-av-s9ty-812f50dd97dd10467506ce04dceb744c\">\n#top .av_textblock_section.av-s9ty-812f50dd97dd10467506ce04dceb744c .avia_textblock{\ncolor:var(--azul1);\n}\n<\/style>\n<section  class='av_textblock_section av-s9ty-812f50dd97dd10467506ce04dceb744c '   itemscope=\"itemscope\" itemtype=\"https:\/\/schema.org\/CreativeWork\" ><div class='avia_textblock av_inherit_color'  itemprop=\"text\" ><p><strong>Comment vous aidons-nous \u00e0 r\u00e9duire vos ruptures de stock\u00a0?<\/strong><\/p>\n<\/div><\/section><br \/>\n\n<style type=\"text\/css\" data-created_by=\"avia_inline_auto\" id=\"style-css-av-s9ty-812f50dd97dd10467506ce04dceb744c\">\n#top .av_textblock_section.av-s9ty-812f50dd97dd10467506ce04dceb744c .avia_textblock{\ncolor:var(--azul1);\n}\n<\/style>\n<section  class='av_textblock_section av-s9ty-812f50dd97dd10467506ce04dceb744c '   itemscope=\"itemscope\" itemtype=\"https:\/\/schema.org\/CreativeWork\" ><div class='avia_textblock av_inherit_color'  itemprop=\"text\" ><ul>\n<li><strong style=\"color: var(--verde1);\">Objectif :<\/strong> r\u00e9duire les ruptures de stock<\/li>\n<li><strong style=\"color: var(--verde1);\">Points \u00e0 analyser :<\/strong> d\u00e9finir les r\u00e9f\u00e9rences\/magasins les plus touch\u00e9\u00b7e\u00b7s et les sc\u00e9narios possibles en fonction du type de rupture<\/li>\n<li><strong style=\"color: var(--verde1);\">Indicateurs cl\u00e9s de performance (KPI) :<\/strong> ruptures quotidiennes par magasin\/r\u00e9f\u00e9rences fond\u00e9es sur le sell-out<\/li>\n<li><strong style=\"color: var(--verde1);\">Action :<\/strong> en fonction des sc\u00e9narios possibles, agir en param\u00e9trant la demande, l\u2019espace lin\u00e9aire disponible et la fr\u00e9quence de r\u00e9approvisionnement au niveau central ou pour chaque magasin<\/li>\n<\/ul>\n<\/div><\/section><br \/>\n\n<style type=\"text\/css\" data-created_by=\"avia_inline_auto\" id=\"style-css-av-k3spigoi-2fb38128b78e47003360099b493ae604\">\n#top .hr.hr-invisible.av-k3spigoi-2fb38128b78e47003360099b493ae604{\nheight:16px;\n}\n<\/style>\n<div  class='hr av-k3spigoi-2fb38128b78e47003360099b493ae604 hr-invisible'><span class='hr-inner '><span class=\"hr-inner-style\"><\/span><\/span><\/div><br \/>\n\n<style type=\"text\/css\" data-created_by=\"avia_inline_auto\" id=\"style-css-av-k4cmlbbh-1f75018dddb4c06408c58c1950fecc23\">\n.avia-image-container.av-k4cmlbbh-1f75018dddb4c06408c58c1950fecc23 img.avia_image{\nbox-shadow:none;\n}\n.avia-image-container.av-k4cmlbbh-1f75018dddb4c06408c58c1950fecc23 .av-image-caption-overlay-center{\ncolor:#ffffff;\n}\n<\/style>\n<div  class='avia-image-container av-k4cmlbbh-1f75018dddb4c06408c58c1950fecc23 av-styling- avia_animated_image av-animated-when-visible-95 pop-up avia-align-right'   itemprop=\"image\" itemscope=\"itemscope\" itemtype=\"https:\/\/schema.org\/ImageObject\" ><div class=\"avia-image-container-inner\"><div class=\"avia-image-overlay-wrap\"><img decoding=\"async\" fetchpriority=\"high\" class='wp-image-1658 avia-img-lazy-loading-not-1658 avia_image ' src=\"https:\/\/pospotential.com\/wp-content\/uploads\/Supply-Chain-3.png\" alt='supply chain' title='Supply Chain-3'  height=\"129\" width=\"120\"  itemprop=\"thumbnailUrl\"  \/><\/div><\/div><\/div><\/p><\/div><\/div><!--close column table wrapper. Autoclose: 1 -->\n<\/div><\/div>\n<style type=\"text\/css\" data-created_by=\"avia_inline_auto\" id=\"style-css-av-k233vca4-11fb207cd6289c9f59f3c34cf046defb\">\n.flex_cell.av-k233vca4-11fb207cd6289c9f59f3c34cf046defb{\nvertical-align:top;\nbackground-color:var(--amarillo1);\n}\n.responsive #top #wrap_all .flex_cell.av-k233vca4-11fb207cd6289c9f59f3c34cf046defb{\npadding:100px 10% 100px 5% !important;\n}\n<\/style>\n<div class='flex_cell av-k233vca4-11fb207cd6289c9f59f3c34cf046defb av-gridrow-cell av_one_half no_margin content-align-top avia-full-contain'  ><div class='flex_cell_inner'>\n<style type=\"text\/css\" data-created_by=\"avia_inline_auto\" id=\"style-css-av-2joe0m-a49d58f5332eaa822c061f0052c98e7c\">\n.flex_column.av-2joe0m-a49d58f5332eaa822c061f0052c98e7c{\nborder-radius:0px 0px 0px 0px;\npadding:0px 0px 0px 0px;\n}\n<\/style>\n<div  class='flex_column av-2joe0m-a49d58f5332eaa822c061f0052c98e7c av_one_full first flex_column_div av-animated-generic right-to-left av-zero-column-padding  '     ><style type=\"text\/css\" data-created_by=\"avia_inline_auto\" id=\"style-css-av-s9ty-0b7ce0061e29888ff640b36e230430d7\">\n#top .av_textblock_section.av-s9ty-0b7ce0061e29888ff640b36e230430d7 .avia_textblock{\ncolor:#ffffff;\n}\n<\/style>\n<section  class='av_textblock_section av-s9ty-0b7ce0061e29888ff640b36e230430d7 '   itemscope=\"itemscope\" itemtype=\"https:\/\/schema.org\/CreativeWork\" ><div class='avia_textblock av_inherit_color'  itemprop=\"text\" ><h3 class=\"headers\">R\u00e9sultats<br \/>\n<span style=\"color: var(--azul1);\">augmentation du chiffre d\u2019affaires, de la satisfaction des clients et de l\u2019image des points de vente.<\/span><\/h3>\n<\/div><\/section><br \/>\n\n<style type=\"text\/css\" data-created_by=\"avia_inline_auto\" id=\"style-css-av-k3spigoi-d0975deda849abf379a6e104b92b13fc\">\n#top .hr.hr-invisible.av-k3spigoi-d0975deda849abf379a6e104b92b13fc{\nheight:80px;\n}\n<\/style>\n<div  class='hr av-k3spigoi-d0975deda849abf379a6e104b92b13fc hr-invisible'><span class='hr-inner '><span class=\"hr-inner-style\"><\/span><\/span><\/div><br \/>\n\n<style type=\"text\/css\" data-created_by=\"avia_inline_auto\" id=\"style-css-av-s9ty-0b7ce0061e29888ff640b36e230430d7\">\n#top .av_textblock_section.av-s9ty-0b7ce0061e29888ff640b36e230430d7 .avia_textblock{\ncolor:#ffffff;\n}\n<\/style>\n<section  class='av_textblock_section av-s9ty-0b7ce0061e29888ff640b36e230430d7 '   itemscope=\"itemscope\" itemtype=\"https:\/\/schema.org\/CreativeWork\" ><div class='avia_textblock av_inherit_color'  itemprop=\"text\" ><h4 class=\"headers\">M\u00e9thodologie :<\/h4>\n<\/div><\/section><br \/>\n\n<style type=\"text\/css\" data-created_by=\"avia_inline_auto\" id=\"style-css-av-s9ty-812f50dd97dd10467506ce04dceb744c\">\n#top .av_textblock_section.av-s9ty-812f50dd97dd10467506ce04dceb744c .avia_textblock{\ncolor:var(--azul1);\n}\n<\/style>\n<section  class='av_textblock_section av-s9ty-812f50dd97dd10467506ce04dceb744c '   itemscope=\"itemscope\" itemtype=\"https:\/\/schema.org\/CreativeWork\" ><div class='avia_textblock av_inherit_color'  itemprop=\"text\" ><p>Les donn\u00e9es quotidiennes de sell-out de chaque magasin permettent de pr\u00e9venir les ruptures de stock d\u2019une marque au niveau d\u2019un circuit de distribution.<\/p>\n<\/div><\/section><br \/>\n\n<style type=\"text\/css\" data-created_by=\"avia_inline_auto\" id=\"style-css-av-s9ty-812f50dd97dd10467506ce04dceb744c\">\n#top .av_textblock_section.av-s9ty-812f50dd97dd10467506ce04dceb744c .avia_textblock{\ncolor:var(--azul1);\n}\n<\/style>\n<section  class='av_textblock_section av-s9ty-812f50dd97dd10467506ce04dceb744c '   itemscope=\"itemscope\" itemtype=\"https:\/\/schema.org\/CreativeWork\" ><div class='avia_textblock av_inherit_color'  itemprop=\"text\" ><ul>\n<li><strong style=\"color: white;\">Identifier <\/strong>les r\u00e9f\u00e9rences dont les ventes sont anormalement basses et les comparer avec le stock calcul\u00e9 en magasin, si disponible<\/li>\n<li><strong style=\"color: white;\">Identifier <\/strong>les probl\u00e8mes de vente par produit en fond de rayon comme en promotion<\/li>\n<li><strong style=\"color: white;\">Identifier <\/strong> les d\u00e9fauts d\u2019approvisionnement du fabricant ou l\u2019absence de r\u00e9approvisionnement<\/li>\n<li><strong style=\"color: white;\">Identifier <\/strong> les magasins\/produits dont les cas de rupture de stock se r\u00e9p\u00e8tent<\/li>\n<li><strong style=\"color: white;\">\u00c9tablir <\/strong> une liste des magasins\/produits qui n\u00e9cessitent une action concr\u00e8te<\/li>\n<\/ul>\n<\/div><\/section><\/p><\/div>\n<\/div><\/div><\/div><\/div><\/div><\/div><!-- close content main div --><\/div><\/div><div id='boton-contacto-fijo'  class='avia-section av-k3a0jjxv-71f84a9ace7c1f2e8998fc0ae5adb1d4 main_color avia-section-default avia-no-border-styling avia-bg-style-scroll container_wrap fullsize'  ><div class='container av-section-cont-open' ><div class='template-page content  av-content-full alpha units'><div class='post-entry post-entry-type-page post-entry-3997'><div class='entry-content-wrapper clearfix'>\n<div  class='avia-builder-widget-area clearfix '><div id=\"custom_html-5\" class=\"widget_text widget clearfix widget_custom_html\"><div class=\"textwidget custom-html-widget\"><a class=\"boton-contacto-fijo-desktop\" href=\"\/fr\/contact\/\" title=\"contacto\" target=\"_self\"><img decoding=\"async\" src=\"\/wp-content\/uploads\/boton-contacto-fr3.png\" alt=\"contact icon\"><\/a>\r\n<a class=\"boton-contacto-fijo-mobile\" href=\"\/fr\/contact\/\" title=\"contacto\" target=\"_self\"><img decoding=\"async\" src=\"\/wp-content\/uploads\/boton-contacto-fr4.png\" alt=\"contact icon\"><\/a><\/div><\/div><\/div>\n<\/p>\n","protected":false},"excerpt":{"rendered":"","protected":false},"author":7,"featured_media":4004,"parent":2041,"menu_order":0,"comment_status":"closed","ping_status":"closed","template":"","meta":{"footnotes":""},"categories":[],"tags":[],"class_list":["post-3997","page","type-page","status-publish","has-post-thumbnail","hentry"],"aioseo_notices":[],"_links":{"self":[{"href":"https:\/\/pospotential.com\/fr\/wp-json\/wp\/v2\/pages\/3997","targetHints":{"allow":["GET"]}}],"collection":[{"href":"https:\/\/pospotential.com\/fr\/wp-json\/wp\/v2\/pages"}],"about":[{"href":"https:\/\/pospotential.com\/fr\/wp-json\/wp\/v2\/types\/page"}],"author":[{"embeddable":true,"href":"https:\/\/pospotential.com\/fr\/wp-json\/wp\/v2\/users\/7"}],"replies":[{"embeddable":true,"href":"https:\/\/pospotential.com\/fr\/wp-json\/wp\/v2\/comments?post=3997"}],"version-history":[{"count":5,"href":"https:\/\/pospotential.com\/fr\/wp-json\/wp\/v2\/pages\/3997\/revisions"}],"predecessor-version":[{"id":5994,"href":"https:\/\/pospotential.com\/fr\/wp-json\/wp\/v2\/pages\/3997\/revisions\/5994"}],"up":[{"embeddable":true,"href":"https:\/\/pospotential.com\/fr\/wp-json\/wp\/v2\/pages\/2041"}],"wp:featuredmedia":[{"embeddable":true,"href":"https:\/\/pospotential.com\/fr\/wp-json\/wp\/v2\/media\/4004"}],"wp:attachment":[{"href":"https:\/\/pospotential.com\/fr\/wp-json\/wp\/v2\/media?parent=3997"}],"wp:term":[{"taxonomy":"category","embeddable":true,"href":"https:\/\/pospotential.com\/fr\/wp-json\/wp\/v2\/categories?post=3997"},{"taxonomy":"post_tag","embeddable":true,"href":"https:\/\/pospotential.com\/fr\/wp-json\/wp\/v2\/tags?post=3997"}],"curies":[{"name":"wp","href":"https:\/\/api.w.org\/{rel}","templated":true}]}}