{"id":5689,"date":"2020-01-13T09:40:06","date_gmt":"2020-01-13T09:40:06","guid":{"rendered":"https:\/\/pospotential.com\/aviso-legal\/"},"modified":"2021-09-01T13:15:39","modified_gmt":"2021-09-01T13:15:39","slug":"mentions-legales","status":"publish","type":"page","link":"https:\/\/pospotential.com\/fr\/mentions-legales\/","title":{"rendered":"Mentions l\u00e9gales"},"content":{"rendered":"<\/div><\/div><\/div><!-- close content main div --><\/div><\/div>\n<style type=\"text\/css\" data-created_by=\"avia_inline_auto\" id=\"style-css-av-k5c93sie-4e902b0631fafe2c39faf6eb66a013c1\">\n.avia-section.av-k5c93sie-4e902b0631fafe2c39faf6eb66a013c1{\nbackground-color:var(--azul2);\nbackground-image:unset;\n}\n<\/style>\n<div id='av_section_1'  class='avia-section av-k5c93sie-4e902b0631fafe2c39faf6eb66a013c1 main_color avia-section-default avia-no-border-styling avia-bg-style-scroll av-minimum-height av-minimum-height-custom av-height-custom  container_wrap fullsize'   data-av_minimum_height_px='250'><div class='container av-section-cont-open' style='height:250px'><div class='template-page content  av-content-full alpha units'><div class='post-entry post-entry-type-page post-entry-5689'><div class='entry-content-wrapper clearfix'>\n\n<style type=\"text\/css\" data-created_by=\"avia_inline_auto\" id=\"style-css-av-3a17ke-7303ae0e5a0db1f8f2fc4128183ac98e\">\n.flex_column.av-3a17ke-7303ae0e5a0db1f8f2fc4128183ac98e{\nborder-radius:0px 0px 0px 0px;\npadding:0px 0px 0px 0px;\n}\n<\/style>\n<div  class='flex_column av-3a17ke-7303ae0e5a0db1f8f2fc4128183ac98e av_one_full first flex_column_div av-zero-column-padding  '     ><section  class='av_textblock_section av-k5c95mul-c10dc8041d823c6cfff8e5a02b18bc9f '   itemscope=\"itemscope\" itemtype=\"https:\/\/schema.org\/CreativeWork\" ><div class='avia_textblock'  itemprop=\"text\" ><h1 class=\"headers\">Mentions l\u00e9gales<\/h1>\n<\/div><\/section><br \/>\n<section  class='av_textblock_section av-k5c92tbe-55405a8a2ad0cf825529b80f2fe59d17 '   itemscope=\"itemscope\" itemtype=\"https:\/\/schema.org\/CreativeWork\" ><div class='avia_textblock'  itemprop=\"text\" ><p align=\"JUSTIFY\"><span style=\"color: #333333;\"><span style=\"font-family: Arial, serif;\">ThinkBI SLU, responsable du site, ci-apr\u00e8s THINKBI, met \u00e0 la disposition des utilisateurs le pr\u00e9sent document, avec lequel il entend se conformer aux obligations pr\u00e9vues par la loi Espagnole 34\/2002 du 11 juillet 2002 sur les services de la soci\u00e9t\u00e9 de l\u2019information et du commerce \u00e9lectronique (LSSICE), ainsi que d\u2019informer tous les utilisateurs du site sur les conditions d\u2019utilisation.<\/span><\/span><\/p>\n<p align=\"JUSTIFY\"><span style=\"color: #333333;\"><span style=\"font-family: Arial, serif;\">Toute personne acc\u00e9dant \u00e0 ce site assume le r\u00f4le d\u2019utilisateur, s\u2019engageant \u00e0 respecter rigoureusement les dispositions pr\u00e9vues ici ainsi que toute autre disposition l\u00e9gale applicable.<\/span><\/span><\/p>\n<p align=\"JUSTIFY\"><span style=\"color: #333333;\"><span style=\"font-family: Arial, serif;\">THINKBI se r\u00e9serve le droit de modifier tout type d\u2019information qui pourrait appara\u00eetre sur le site, sans qu\u2019il y ait obligation de pr\u00e9avis ou de porter ces changements \u00e0 la connaissance des utilisateurs.<\/span><\/span><\/p>\n<p><span style=\"color: #333333;\"><span style=\"font-family: Arial, serif;\"><br \/>\n<\/span><\/span><span style=\"color: #333333;\"><span style=\"font-family: Arial, serif;\"><b>1. DONN\u00c9ES IDENTIFICATIVES<\/b><\/span><\/span><\/p>\n<p><span style=\"color: #333333;\"><span style=\"font-family: Arial, serif;\">Nom de domaine : www.pospotential.com<br \/>\nNom commercial : POS POTENTIAL<br \/>\nRaison sociale : ThinkBI SLU soci\u00e9t\u00e9 inscrite au registre du commerce de Barcelone au volume 44341, Folio 116, Feuille 453307<br \/>\nNIF : B66662206<\/span><\/span><\/p>\n<p><span style=\"color: #333333;\"><span style=\"font-family: Arial, serif;\">Domicile social :<br \/>\nCalle Borrell 4, 4-2<\/span><\/span><br \/>\n<span style=\"color: #333333;\"><span style=\"font-family: Arial, serif;\">08172 Sant Cugat del Vall\u00e8s,<br \/>\n<\/span><\/span><span style=\"color: #333333;\"><span style=\"font-family: Arial, serif;\">Barcelone<br \/>\n<\/span><\/span><span style=\"color: #333333;\"><span style=\"font-family: Arial, serif;\">Espagne<\/span><\/span><\/p>\n<p><span style=\"color: #333333;\"><span style=\"font-family: Arial, serif;\">T\u00e9l\u00e9phone :+34 936 222 175<br \/>\n<\/span><\/span><span style=\"color: #333333;\"><span style=\"font-family: Arial, serif;\">e-mail:contact@pospotential.com <\/span><\/span><\/p>\n<p><span style=\"color: #333333;\"><span style=\"font-family: Arial, serif;\"><b>2. DROITS DE PROPRI\u00c9T\u00c9 INTELLECTUELLE ET INDUSTRIELLE<\/b><\/span><\/span><\/p>\n<p align=\"JUSTIFY\"><span style=\"color: #333333;\"><span style=\"font-family: Arial, serif;\">Le site web, y compris, sans s\u2019y limiter, sa programmation, son \u00e9dition, sa compilation et tous les \u00e9l\u00e9ments n\u00e9cessaires \u00e0 son fonctionnement, les dessins, marques, logos, textes et\/ou graphiques et contenus en g\u00e9n\u00e9ral sont la propri\u00e9t\u00e9 de THINKBI ou, le cas \u00e9ch\u00e9ant, disposent d\u2019une licence ou d\u2019une autorisation expresse de la part des auteurs. Tous les contenus du site sont d\u00fbment prot\u00e9g\u00e9s par la r\u00e9glementation en mati\u00e8re de propri\u00e9t\u00e9 intellectuelle et industrielle et inscrits dans les registres publics correspondants. <\/span><\/span><\/p>\n<p align=\"JUSTIFY\"><span style=\"color: #333333;\"><span style=\"font-family: Arial, serif;\">Ind\u00e9pendamment de la finalit\u00e9 \u00e0 laquelle ils \u00e9taient destin\u00e9s, la reproduction totale ou partielle, l\u2019utilisation, l\u2019exploitation, la distribution et la commercialisation n\u00e9cessitent en tout \u00e9tat de cause l\u2019autorisation \u00e9crite pr\u00e9alable de THINKBI. Toute utilisation non autoris\u00e9e pr\u00e9alable est consid\u00e9r\u00e9e comme une violation grave des droits de propri\u00e9t\u00e9 intellectuelle ou industrielle de l\u2019auteur. \u00a0<\/span><\/span><\/p>\n<p align=\"JUSTIFY\"><span style=\"color: #333333;\"><span style=\"font-family: Arial, serif;\">Les dessins, logos, textes et\/ou graphiques qui ne rel\u00e8vent pas de THINKBI et qui pourraient appara\u00eetre sur le site Web appartiennent \u00e0 leurs propri\u00e9taires respectifs qui sont eux-m\u00eames responsables de tout diff\u00e9rend qui pourrait survenir \u00e0 leur \u00e9gard. <\/span><\/span><\/p>\n<p align=\"JUSTIFY\"><span style=\"color: #333333;\"><span style=\"font-family: Arial, serif;\">THINKBI reconna\u00eet en faveur de leurs titulaires les droits de propri\u00e9t\u00e9 intellectuelle et industrielle correspondants, sans que leur seule mention ou apparition sur le site web n\u2019implique l\u2019existence de droits ou de responsabilit\u00e9s \u00e0 leur \u00e9gard, ni le soutien, le parrainage ou la recommandation de celui-ci.<\/span><\/span><\/p>\n<p>Toute observation concernant d\u2019\u00e9ventuelles violations des droits de propri\u00e9t\u00e9 intellectuelle ou industrielle, ainsi que sur les contenus du site peuvent se faire par courrier \u00e9lectronique \u00e0 l\u2019adresse contact@pospotential.com.<\/p>\n<p align=\"JUSTIFY\"><span style=\"color: #333333;\"><span style=\"font-family: Arial, serif;\"><b>3. LIMITE DE RESPONSABILIT\u00c9<\/b><\/span><\/span><\/p>\n<p align=\"JUSTIFY\"><span style=\"color: #333333;\"><span style=\"font-family: Arial, serif;\">THINKBI d\u00e9cline toute responsabilit\u00e9 d\u00e9riv\u00e9e des informations publi\u00e9es sur son site web si ces informations ont \u00e9t\u00e9 manipul\u00e9es ou introduites par un tiers ext\u00e9rieur.<\/span><\/span><\/p>\n<p align=\"JUSTIFY\"><span style=\"color: #333333;\"><span style=\"font-family: Arial, serif;\"><b>Liens<\/b><\/span><\/span><\/p>\n<p align=\"JUSTIFY\"><span style=\"color: #333333;\"><span style=\"font-family: Arial, serif;\">\u00c0 partir du site vous pouvez \u00eatre redirig\u00e9 vers des contenus de sites web tiers. \u00c9tant donn\u00e9 que THINKBI ne peut contr\u00f4ler les contenus publi\u00e9s par des tiers sur leurs propres sites aucune responsabilit\u00e9 ne sera assum\u00e9e vis \u00e0 vis de ces contenus. En tout \u00e9tat de cause, tout lien vers un contenu susceptible d\u2019enfreindre la l\u00e9gislation nationale ou internationale, la morale ou l\u2019ordre public, sera imm\u00e9diatement retir\u00e9 du site et le contenu en question port\u00e9 \u00e0 la connaissance des autorit\u00e9s comp\u00e9tentes. \u00a0<\/span><\/span><\/p>\n<p align=\"JUSTIFY\"><span style=\"color: #333333;\"><span style=\"font-family: Arial, serif;\">THINKBI n\u2019est pas responsable des informations et contenus stock\u00e9s, \u00e0 titre indicatif mais non limitatif, dans des forums, des chats, des blogs, des commentaires, des r\u00e9seaux sociaux ou tout autre moyen permettant \u00e0 des tiers de publier des contenus de mani\u00e8re ind\u00e9pendante sur le site web de THINKBI. Toutefois, et conform\u00e9ment aux articles 11 et 16 de la LSSICE, THINKBI sera \u00e0 la disposition de tous les utilisateurs, autorit\u00e9s et forces de s\u00e9curit\u00e9, en collaborant activement au retrait ou, le cas \u00e9ch\u00e9ant, en bloquant tous les contenus susceptibles d\u2019affecter ou d\u2019enfreindre la l\u00e9gislation nationale ou internationale, les droits des tiers ou la morale et l\u2019ordre public. Si l\u2019utilisateur estime qu\u2019un lien vers un contenu de cet ordre est pr\u00e9sent sur le site, il lui est demand\u00e9 d\u2019en informer dans les meilleurs d\u00e9lais l\u2019administrateur du site.\u00a0<\/span><\/span><\/p>\n<p align=\"JUSTIFY\"><span style=\"color: #333333;\"><span style=\"font-family: Arial, serif;\">Ce site a \u00e9t\u00e9 r\u00e9vis\u00e9 et test\u00e9 pour fonctionner correctement 365 jours par an, 24 heures sur 24. Toutefois, THINKBI n\u2019exclut pas la possibilit\u00e9 que des erreurs de programmation, causes de force majeure, catastrophes naturelles, gr\u00e8ves ou circonstances similaires qui puissent rendre impossible l\u2019acc\u00e8s au site web.<\/span><\/span><\/p>\n<p align=\"JUSTIFY\"><span style=\"color: #333333;\"><span style=\"font-family: Arial, serif;\"><b>4. LOI APPLICABLE ET JURIDICTION<\/b><\/span><\/span><\/p>\n<p align=\"JUSTIFY\"><span style=\"color: #333333;\"><span style=\"font-family: Arial, serif;\">La loi espagnole, \u00e0 laquelle les parties d\u00e9clarent se soumettent express\u00e9ment, s\u2019appliquera pour le r\u00e8glement de tous les diff\u00e9rends ou questions relatives au pr\u00e9sent site web ou aux activit\u00e9s qui y sont li\u00e9es. Les tribunaux de Barcelone seront comp\u00e9tents pour le r\u00e8glement de tous les litiges d\u00e9coulant de ou li\u00e9s \u00e0 ce site web.<\/span><\/span><\/p>\n<\/div><\/section><\/p><\/div>\n","protected":false},"excerpt":{"rendered":"","protected":false},"author":1,"featured_media":0,"parent":0,"menu_order":0,"comment_status":"closed","ping_status":"closed","template":"","meta":{"footnotes":""},"categories":[],"tags":[],"class_list":["post-5689","page","type-page","status-publish","hentry"],"aioseo_notices":[],"_links":{"self":[{"href":"https:\/\/pospotential.com\/fr\/wp-json\/wp\/v2\/pages\/5689","targetHints":{"allow":["GET"]}}],"collection":[{"href":"https:\/\/pospotential.com\/fr\/wp-json\/wp\/v2\/pages"}],"about":[{"href":"https:\/\/pospotential.com\/fr\/wp-json\/wp\/v2\/types\/page"}],"author":[{"embeddable":true,"href":"https:\/\/pospotential.com\/fr\/wp-json\/wp\/v2\/users\/1"}],"replies":[{"embeddable":true,"href":"https:\/\/pospotential.com\/fr\/wp-json\/wp\/v2\/comments?post=5689"}],"version-history":[{"count":2,"href":"https:\/\/pospotential.com\/fr\/wp-json\/wp\/v2\/pages\/5689\/revisions"}],"predecessor-version":[{"id":5690,"href":"https:\/\/pospotential.com\/fr\/wp-json\/wp\/v2\/pages\/5689\/revisions\/5690"}],"wp:attachment":[{"href":"https:\/\/pospotential.com\/fr\/wp-json\/wp\/v2\/media?parent=5689"}],"wp:term":[{"taxonomy":"category","embeddable":true,"href":"https:\/\/pospotential.com\/fr\/wp-json\/wp\/v2\/categories?post=5689"},{"taxonomy":"post_tag","embeddable":true,"href":"https:\/\/pospotential.com\/fr\/wp-json\/wp\/v2\/tags?post=5689"}],"curies":[{"name":"wp","href":"https:\/\/api.w.org\/{rel}","templated":true}]}}