{"id":5715,"date":"2021-09-16T15:12:18","date_gmt":"2021-09-16T15:12:18","guid":{"rendered":"https:\/\/pospotential.com\/?page_id=5715"},"modified":"2021-09-16T16:15:12","modified_gmt":"2021-09-16T16:15:12","slug":"ressources","status":"publish","type":"page","link":"https:\/\/pospotential.com\/fr\/ressources\/","title":{"rendered":"Ressources"},"content":{"rendered":"<\/div><\/div><\/div><!-- close content main div --><\/div><\/div>\n<style type=\"text\/css\" data-created_by=\"avia_inline_auto\" id=\"style-css-av-k3sq1gdr-dc49716b067bc2cf20e1e85d325eac9e\">\n.avia-section.av-k3sq1gdr-dc49716b067bc2cf20e1e85d325eac9e{\nbackground-color:#00223b;\nbackground-image:url(https:\/\/pospotential.com\/wp-content\/uploads\/detalle-esquina-servicios-2.png);\nbackground-repeat:no-repeat;\nbackground-position:100% 100%;\nbackground-attachment:scroll;\n}\n<\/style>\n<div id='av_section_1'  class='avia-section av-k3sq1gdr-dc49716b067bc2cf20e1e85d325eac9e main_color avia-section-default avia-no-border-styling avia-bg-style-scroll av-minimum-height av-minimum-height-25 av-height-25  container_wrap fullsize'  data-section-bg-repeat='no-repeat' data-av_minimum_height_pc='25' data-av_min_height_opt='25'><div class='container av-section-cont-open' ><div class='template-page content  av-content-full alpha units'><div class='post-entry post-entry-type-page post-entry-5715'><div class='entry-content-wrapper clearfix'>\n\n\n<style type=\"text\/css\" data-created_by=\"avia_inline_auto\" id=\"style-css-av-k25yj7no-a4c2b58c68eea294f430ab0e1c7d6c29\">\n#top .hr.hr-invisible.av-k25yj7no-a4c2b58c68eea294f430ab0e1c7d6c29{\nheight:50px;\n}\n<\/style>\n<div  class='hr av-k25yj7no-a4c2b58c68eea294f430ab0e1c7d6c29 hr-invisible'><span class='hr-inner '><span class=\"hr-inner-style\"><\/span><\/span><\/div>\n\n<style type=\"text\/css\" data-created_by=\"avia_inline_auto\" id=\"style-css-av-s9ty-ffd9f97bb192fcf98ac263a930e289b5\">\n#top .av_textblock_section.av-s9ty-ffd9f97bb192fcf98ac263a930e289b5 .avia_textblock{\ncolor:var(--rojo2);\n}\n<\/style>\n<section  class='av_textblock_section av-s9ty-ffd9f97bb192fcf98ac263a930e289b5 '   itemscope=\"itemscope\" itemtype=\"https:\/\/schema.org\/CreativeWork\" ><div class='avia_textblock av_inherit_color'  itemprop=\"text\" ><h2 class=\"headers\">Ressources<span style=\"color: white;\"> pour d\u00e9couvrir, apprendre et approfondir<\/span>.<\/h2>\n<\/div><\/section>\n<\/div><\/div><\/div><!-- close content main div --><\/div><\/div>\n<style type=\"text\/css\" data-created_by=\"avia_inline_auto\" id=\"style-css-av-kt308kmp-3972119feb5afc6813c22b008fc36e00\">\n.avia-section.av-kt308kmp-3972119feb5afc6813c22b008fc36e00{\nbackground-color:#ffffff;\nbackground-image:unset;\n}\n<\/style>\n<div id='av_section_2'  class='avia-section av-kt308kmp-3972119feb5afc6813c22b008fc36e00 main_color avia-section-default avia-no-border-styling avia-bg-style-scroll av-minimum-height av-minimum-height-75 av-height-75  container_wrap fullsize'   data-av_minimum_height_pc='75' data-av_min_height_opt='75'><div class='container av-section-cont-open' ><div class='template-page content  av-content-full alpha units'><div class='post-entry post-entry-type-page post-entry-5715'><div class='entry-content-wrapper clearfix'>\n<div class='flex_column_table av-731je-d471863ebabdc716fd904756d4b3bfef sc-av_one_third av-equal-height-column-flextable'>\n<style type=\"text\/css\" data-created_by=\"avia_inline_auto\" id=\"style-css-av-731je-d471863ebabdc716fd904756d4b3bfef\">\n.flex_column.av-731je-d471863ebabdc716fd904756d4b3bfef{\nborder-radius:0px 0px 0px 0px;\npadding:0px 0px 0px 0px;\n}\n<\/style>\n<div  class='flex_column av-731je-d471863ebabdc716fd904756d4b3bfef av_one_third first flex_column_table_cell av-equal-height-column av-align-top av-animated-generic top-to-bottom av-zero-column-padding  '     ><p>\n<style type=\"text\/css\" data-created_by=\"avia_inline_auto\" id=\"style-css-av-k4cmlbbh-986b6729234379ea8811cb1ced38da7f\">\n.avia-image-container.av-k4cmlbbh-986b6729234379ea8811cb1ced38da7f img.avia_image{\nbox-shadow:none;\n}\n.avia-image-container.av-k4cmlbbh-986b6729234379ea8811cb1ced38da7f .av-image-caption-overlay-center{\ncolor:#ffffff;\n}\n<\/style>\n<div  class='avia-image-container av-k4cmlbbh-986b6729234379ea8811cb1ced38da7f av-styling- av-img-linked avia_animated_image av-animated-when-visible-95 fade-in avia-align-center'   itemprop=\"image\" itemscope=\"itemscope\" itemtype=\"https:\/\/schema.org\/ImageObject\" ><div class=\"avia-image-container-inner\"><div class=\"avia-image-overlay-wrap\"><a href=\"https:\/\/pospotential.com\/fr\/blog\/\" class='avia_image '  aria-label='blog'><img decoding=\"async\" fetchpriority=\"high\" class='wp-image-5721 avia-img-lazy-loading-not-5721 avia_image ' src=\"https:\/\/pospotential.com\/wp-content\/uploads\/blog.png\" alt='' title='blog'  height=\"129\" width=\"120\"  itemprop=\"thumbnailUrl\"  \/><\/a><\/div><\/div><\/div><br \/>\n\n<style type=\"text\/css\" data-created_by=\"avia_inline_auto\" id=\"style-css-av-k25yj7no-668d291dda5d0d6b3bc71dfe2ab2e8e9\">\n#top .hr.hr-invisible.av-k25yj7no-668d291dda5d0d6b3bc71dfe2ab2e8e9{\nheight:16px;\n}\n<\/style>\n<div  class='hr av-k25yj7no-668d291dda5d0d6b3bc71dfe2ab2e8e9 hr-invisible'><span class='hr-inner '><span class=\"hr-inner-style\"><\/span><\/span><\/div><br \/>\n\n<style type=\"text\/css\" data-created_by=\"avia_inline_auto\" id=\"style-css-av-s9ty-92573f8278f5d900041fddfa981d3fd9\">\n#top .av_textblock_section.av-s9ty-92573f8278f5d900041fddfa981d3fd9 .avia_textblock{\ncolor:var(--verde1);\n}\n<\/style>\n<section  class='av_textblock_section av-s9ty-92573f8278f5d900041fddfa981d3fd9 '   itemscope=\"itemscope\" itemtype=\"https:\/\/schema.org\/CreativeWork\" ><div class='avia_textblock av_inherit_color'  itemprop=\"text\" ><h3 class=\"h-servicios\" style=\"text-align: center;\">Blog<\/h3>\n<\/div><\/section><br \/>\n\n<style type=\"text\/css\" data-created_by=\"avia_inline_auto\" id=\"style-css-av-s9ty-2690cea49908acfdd9b6566e47f1083f\">\n#top .av_textblock_section.av-s9ty-2690cea49908acfdd9b6566e47f1083f .avia_textblock{\ncolor:var(--azul1);\n}\n<\/style>\n<section  class='av_textblock_section av-s9ty-2690cea49908acfdd9b6566e47f1083f '   itemscope=\"itemscope\" itemtype=\"https:\/\/schema.org\/CreativeWork\" ><div class='avia_textblock av_inherit_color'  itemprop=\"text\" ><p style=\"text-align: center;\">Id\u00e9es, points de vue et exp\u00e9riences d\u2019experts sur le th\u00e8me de l\u2019excellence op\u00e9rationnelle dans le monde de la grande consommation : c\u2019est ce que nous souhaitons partager avec vous sur ce blog<\/p>\n<\/div><\/section><br \/>\n\n<style type=\"text\/css\" data-created_by=\"avia_inline_auto\" id=\"style-css-av-k25yj7no-668d291dda5d0d6b3bc71dfe2ab2e8e9\">\n#top .hr.hr-invisible.av-k25yj7no-668d291dda5d0d6b3bc71dfe2ab2e8e9{\nheight:16px;\n}\n<\/style>\n<div  class='hr av-k25yj7no-668d291dda5d0d6b3bc71dfe2ab2e8e9 hr-invisible'><span class='hr-inner '><span class=\"hr-inner-style\"><\/span><\/span><\/div><br \/>\n\n<style type=\"text\/css\" data-created_by=\"avia_inline_auto\" id=\"style-css-av-kt47z6i7-3e3aa77cc7bb23eb64f09e5a30534148\">\n#top .av_textblock_section.av-kt47z6i7-3e3aa77cc7bb23eb64f09e5a30534148 .avia_textblock{\ncolor:var(--azul1);\n}\n<\/style>\n<section  class='av_textblock_section av-kt47z6i7-3e3aa77cc7bb23eb64f09e5a30534148 '   itemscope=\"itemscope\" itemtype=\"https:\/\/schema.org\/CreativeWork\" ><div class='av-desktop-hide avia_textblock av_inherit_color'  itemprop=\"text\" ><p><center><a class=\"boton-green\" title=\"D\u00e9couvrez notre Blog\" href=\"https:\/\/pospotential.com\/fr\/blog\/\">D\u00e9couvrez notre Blog<\/a><\/center><\/p>\n<div id=\"gtx-trans\" style=\"position: absolute; left: 417px; top: -2.40625px;\">\n<div class=\"gtx-trans-icon\"><\/div>\n<\/div>\n<\/div><\/section><br \/>\n\n<style type=\"text\/css\" data-created_by=\"avia_inline_auto\" id=\"style-css-av-iquj5-e37e005d894ab7e7eb4184bdb227c014\">\n#top .hr.hr-invisible.av-iquj5-e37e005d894ab7e7eb4184bdb227c014{\nheight:16px;\n}\n<\/style>\n<div  class='hr av-iquj5-e37e005d894ab7e7eb4184bdb227c014 hr-invisible'><span class='hr-inner '><span class=\"hr-inner-style\"><\/span><\/span><\/div><\/p><\/div><\/div><!--close column table wrapper. Autoclose: 1 --><div class='flex_column_table av-kmeai-6ac78928124434ba7e90333923947e94 sc-av_one_third av-equal-height-column-flextable'><div class='av-flex-placeholder'><\/div>\n<style type=\"text\/css\" data-created_by=\"avia_inline_auto\" id=\"style-css-av-kmeai-6ac78928124434ba7e90333923947e94\">\n.flex_column.av-kmeai-6ac78928124434ba7e90333923947e94{\nborder-radius:0px 0px 0px 0px;\npadding:0 0 0 0;\n}\n<\/style>\n<div  class='flex_column av-kmeai-6ac78928124434ba7e90333923947e94 av_one_third flex_column_table_cell av-equal-height-column av-align-top av-animated-generic top-to-bottom av-zero-column-padding  '     ><p>\n<style type=\"text\/css\" data-created_by=\"avia_inline_auto\" id=\"style-css-av-k4cmlbbh-69d595e6e5f1b7115ee48e6f253aad25\">\n.avia-image-container.av-k4cmlbbh-69d595e6e5f1b7115ee48e6f253aad25 img.avia_image{\nbox-shadow:none;\n}\n.avia-image-container.av-k4cmlbbh-69d595e6e5f1b7115ee48e6f253aad25 .av-image-caption-overlay-center{\ncolor:#ffffff;\n}\n<\/style>\n<div  class='avia-image-container av-k4cmlbbh-69d595e6e5f1b7115ee48e6f253aad25 av-styling- av-img-linked avia_animated_image av-animated-when-visible-95 fade-in avia-align-center'   itemprop=\"image\" itemscope=\"itemscope\" itemtype=\"https:\/\/schema.org\/ImageObject\" ><div class=\"avia-image-container-inner\"><div class=\"avia-image-overlay-wrap\"><a href=\"https:\/\/pospotential.com\/en\/poscast\" class='avia_image '  aria-label='poscast'><img decoding=\"async\" fetchpriority=\"high\" class='wp-image-5718 avia-img-lazy-loading-not-5718 avia_image ' src=\"https:\/\/pospotential.com\/wp-content\/uploads\/poscast.png\" alt='' title='poscast'  height=\"129\" width=\"120\"  itemprop=\"thumbnailUrl\"  \/><\/a><\/div><\/div><\/div><br \/>\n\n<style type=\"text\/css\" data-created_by=\"avia_inline_auto\" id=\"style-css-av-k25yj7no-668d291dda5d0d6b3bc71dfe2ab2e8e9\">\n#top .hr.hr-invisible.av-k25yj7no-668d291dda5d0d6b3bc71dfe2ab2e8e9{\nheight:16px;\n}\n<\/style>\n<div  class='hr av-k25yj7no-668d291dda5d0d6b3bc71dfe2ab2e8e9 hr-invisible'><span class='hr-inner '><span class=\"hr-inner-style\"><\/span><\/span><\/div><br \/>\n\n<style type=\"text\/css\" data-created_by=\"avia_inline_auto\" id=\"style-css-av-s9ty-92573f8278f5d900041fddfa981d3fd9\">\n#top .av_textblock_section.av-s9ty-92573f8278f5d900041fddfa981d3fd9 .avia_textblock{\ncolor:var(--verde1);\n}\n<\/style>\n<section  class='av_textblock_section av-s9ty-92573f8278f5d900041fddfa981d3fd9 '   itemscope=\"itemscope\" itemtype=\"https:\/\/schema.org\/CreativeWork\" ><div class='avia_textblock av_inherit_color'  itemprop=\"text\" ><h3 class=\"h-servicios\" style=\"text-align: center;\">POScast<\/h3>\n<div id=\"gtx-trans\" style=\"position: absolute; left: 446px; top: 2px;\">\n<div class=\"gtx-trans-icon\"><\/div>\n<\/div>\n<\/div><\/section><br \/>\n\n<style type=\"text\/css\" data-created_by=\"avia_inline_auto\" id=\"style-css-av-s9ty-2690cea49908acfdd9b6566e47f1083f\">\n#top .av_textblock_section.av-s9ty-2690cea49908acfdd9b6566e47f1083f .avia_textblock{\ncolor:var(--azul1);\n}\n<\/style>\n<section  class='av_textblock_section av-s9ty-2690cea49908acfdd9b6566e47f1083f '   itemscope=\"itemscope\" itemtype=\"https:\/\/schema.org\/CreativeWork\" ><div class='avia_textblock av_inherit_color'  itemprop=\"text\" ><p style=\"text-align: center;\">Avec nos &#8220;POScasts&#8221; d\u00e9couvrez une s\u00e9rie de podcasts, d&#8217;articles et d&#8217;interviews sur les derni\u00e8res tendances et meilleures pratiques en mati\u00e8re de vente dans l&#8217;univers de la grande consommation<\/p>\n<div id=\"gtx-trans\" style=\"position: absolute; left: 711px; top: 21.5938px;\">\n<div class=\"gtx-trans-icon\"><\/div>\n<\/div>\n<\/div><\/section><br \/>\n\n<style type=\"text\/css\" data-created_by=\"avia_inline_auto\" id=\"style-css-av-k25yj7no-668d291dda5d0d6b3bc71dfe2ab2e8e9\">\n#top .hr.hr-invisible.av-k25yj7no-668d291dda5d0d6b3bc71dfe2ab2e8e9{\nheight:16px;\n}\n<\/style>\n<div  class='hr av-k25yj7no-668d291dda5d0d6b3bc71dfe2ab2e8e9 hr-invisible'><span class='hr-inner '><span class=\"hr-inner-style\"><\/span><\/span><\/div><br \/>\n\n<style type=\"text\/css\" data-created_by=\"avia_inline_auto\" id=\"style-css-av-s9ty-43e1349fe61da13c8f75c2c90758f1e7\">\n#top .av_textblock_section.av-s9ty-43e1349fe61da13c8f75c2c90758f1e7 .avia_textblock{\ncolor:var(--azul1);\n}\n<\/style>\n<section  class='av_textblock_section av-s9ty-43e1349fe61da13c8f75c2c90758f1e7 '   itemscope=\"itemscope\" itemtype=\"https:\/\/schema.org\/CreativeWork\" ><div class='av-desktop-hide avia_textblock av_inherit_color'  itemprop=\"text\" ><p><center><a class=\"boton-green\" title=\"Poscast\" href=\"https:\/\/pospotential.com\/en\/poscast\/\">\u00c9coutez nos POScasts<\/a><\/center><\/p>\n<\/div><\/section><br \/>\n\n<style type=\"text\/css\" data-created_by=\"avia_inline_auto\" id=\"style-css-av-3k4e2p-c204b055525e355a569bb75046b3a12a\">\n#top .hr.hr-invisible.av-3k4e2p-c204b055525e355a569bb75046b3a12a{\nheight:16px;\n}\n<\/style>\n<div  class='hr av-3k4e2p-c204b055525e355a569bb75046b3a12a hr-invisible'><span class='hr-inner '><span class=\"hr-inner-style\"><\/span><\/span><\/div><\/p><\/div><\/div><!--close column table wrapper. Autoclose: 1 --><div class='flex_column_table av-dg7je-f9958f5debbfe65102ca1489d5e8eba9 sc-av_one_third av-equal-height-column-flextable'><div class='av-flex-placeholder'><\/div>\n<style type=\"text\/css\" data-created_by=\"avia_inline_auto\" id=\"style-css-av-dg7je-f9958f5debbfe65102ca1489d5e8eba9\">\n.flex_column.av-dg7je-f9958f5debbfe65102ca1489d5e8eba9{\nborder-radius:0px 0px 0px 0px;\npadding:0px 0px 0px 0px;\n}\n<\/style>\n<div  class='flex_column av-dg7je-f9958f5debbfe65102ca1489d5e8eba9 av_one_third flex_column_table_cell av-equal-height-column av-align-top av-animated-generic top-to-bottom av-zero-column-padding  '     ><p>\n<style type=\"text\/css\" data-created_by=\"avia_inline_auto\" id=\"style-css-av-k4cmlbbh-907f419c53ebd8d8631b4a6794a658ca\">\n.avia-image-container.av-k4cmlbbh-907f419c53ebd8d8631b4a6794a658ca img.avia_image{\nbox-shadow:none;\n}\n.avia-image-container.av-k4cmlbbh-907f419c53ebd8d8631b4a6794a658ca .av-image-caption-overlay-center{\ncolor:#ffffff;\n}\n<\/style>\n<div  class='avia-image-container av-k4cmlbbh-907f419c53ebd8d8631b4a6794a658ca av-styling- av-img-linked avia_animated_image av-animated-when-visible-95 fade-in avia-align-center'   itemprop=\"image\" itemscope=\"itemscope\" itemtype=\"https:\/\/schema.org\/ImageObject\" ><div class=\"avia-image-container-inner\"><div class=\"avia-image-overlay-wrap\"><a href=\"https:\/\/pospotential.com\/fr\/glossaire-bi-et-grande-consommation\/\" class='avia_image '  aria-label='glosario'><img decoding=\"async\" fetchpriority=\"high\" class='wp-image-5724 avia-img-lazy-loading-not-5724 avia_image ' src=\"https:\/\/pospotential.com\/wp-content\/uploads\/glosario.png\" alt='' title='glosario'  height=\"129\" width=\"120\"  itemprop=\"thumbnailUrl\"  \/><\/a><\/div><\/div><\/div><br \/>\n\n<style type=\"text\/css\" data-created_by=\"avia_inline_auto\" id=\"style-css-av-k25yj7no-668d291dda5d0d6b3bc71dfe2ab2e8e9\">\n#top .hr.hr-invisible.av-k25yj7no-668d291dda5d0d6b3bc71dfe2ab2e8e9{\nheight:16px;\n}\n<\/style>\n<div  class='hr av-k25yj7no-668d291dda5d0d6b3bc71dfe2ab2e8e9 hr-invisible'><span class='hr-inner '><span class=\"hr-inner-style\"><\/span><\/span><\/div><br \/>\n\n<style type=\"text\/css\" data-created_by=\"avia_inline_auto\" id=\"style-css-av-s9ty-92573f8278f5d900041fddfa981d3fd9\">\n#top .av_textblock_section.av-s9ty-92573f8278f5d900041fddfa981d3fd9 .avia_textblock{\ncolor:var(--verde1);\n}\n<\/style>\n<section  class='av_textblock_section av-s9ty-92573f8278f5d900041fddfa981d3fd9 '   itemscope=\"itemscope\" itemtype=\"https:\/\/schema.org\/CreativeWork\" ><div class='avia_textblock av_inherit_color'  itemprop=\"text\" ><h3 class=\"h-servicios\" style=\"text-align: center;\">Glossaire Business Intelligence et Grande Consommation<\/h3>\n<div id=\"gtx-trans\" style=\"position: absolute; left: 485px; top: 53px;\">\n<div class=\"gtx-trans-icon\"><\/div>\n<\/div>\n<\/div><\/section><br \/>\n\n<style type=\"text\/css\" data-created_by=\"avia_inline_auto\" id=\"style-css-av-s9ty-2690cea49908acfdd9b6566e47f1083f\">\n#top .av_textblock_section.av-s9ty-2690cea49908acfdd9b6566e47f1083f .avia_textblock{\ncolor:var(--azul1);\n}\n<\/style>\n<section  class='av_textblock_section av-s9ty-2690cea49908acfdd9b6566e47f1083f '   itemscope=\"itemscope\" itemtype=\"https:\/\/schema.org\/CreativeWork\" ><div class='avia_textblock av_inherit_color'  itemprop=\"text\" ><p style=\"text-align: center;\">Tout ce que vous avez toujours voulu savoir sur les concepts-cl\u00e9s du monde de la grande consommation sans jamais avoir os\u00e9 le demander ! Qu\u2019il s&#8217;agisse de vente, marketing, ou\u00a0 encore category management, cette page est enrichie en permanence et \u00e0 revisiter r\u00e9guli\u00e8rement !<\/p>\n<\/div><\/section><br \/>\n\n<style type=\"text\/css\" data-created_by=\"avia_inline_auto\" id=\"style-css-av-k25yj7no-668d291dda5d0d6b3bc71dfe2ab2e8e9\">\n#top .hr.hr-invisible.av-k25yj7no-668d291dda5d0d6b3bc71dfe2ab2e8e9{\nheight:16px;\n}\n<\/style>\n<div  class='hr av-k25yj7no-668d291dda5d0d6b3bc71dfe2ab2e8e9 hr-invisible'><span class='hr-inner '><span class=\"hr-inner-style\"><\/span><\/span><\/div><br \/>\n\n<style type=\"text\/css\" data-created_by=\"avia_inline_auto\" id=\"style-css-av-s9ty-43e1349fe61da13c8f75c2c90758f1e7\">\n#top .av_textblock_section.av-s9ty-43e1349fe61da13c8f75c2c90758f1e7 .avia_textblock{\ncolor:var(--azul1);\n}\n<\/style>\n<section  class='av_textblock_section av-s9ty-43e1349fe61da13c8f75c2c90758f1e7 '   itemscope=\"itemscope\" itemtype=\"https:\/\/schema.org\/CreativeWork\" ><div class='av-desktop-hide avia_textblock av_inherit_color'  itemprop=\"text\" ><p><center><a class=\"boton-green\" title=\"Glossaire BI et Grande Consommation\" href=\"https:\/\/pospotential.com\/fr\/glossaire-bi-et-grande-consommation\/\">Consultez notre glossaire<\/a><\/center><\/p>\n<div id=\"gtx-trans\" style=\"position: absolute; left: 618px; top: -2.40625px;\">\n<div class=\"gtx-trans-icon\"><\/div>\n<\/div>\n<\/div><\/section><br \/>\n\n<style type=\"text\/css\" data-created_by=\"avia_inline_auto\" id=\"style-css-av-31l60h-ab3ef3b650c81c0348d2e7b92087337e\">\n#top .hr.hr-invisible.av-31l60h-ab3ef3b650c81c0348d2e7b92087337e{\nheight:16px;\n}\n<\/style>\n<div  class='hr av-31l60h-ab3ef3b650c81c0348d2e7b92087337e hr-invisible'><span class='hr-inner '><span class=\"hr-inner-style\"><\/span><\/span><\/div><\/p><\/div><\/div><!--close column table wrapper. Autoclose: 1 -->\n<style type=\"text\/css\" data-created_by=\"avia_inline_auto\" id=\"style-css-av-azzb4x-dde77058bb53de1ef35796866dc03398\">\n.flex_column.av-azzb4x-dde77058bb53de1ef35796866dc03398{\nborder-radius:0px 0px 0px 0px;\npadding:0px 0px 0px 0px;\n}\n<\/style>\n<div  class='flex_column av-azzb4x-dde77058bb53de1ef35796866dc03398 av_one_third first flex_column_div av-zero-column-padding  '     ><style type=\"text\/css\" data-created_by=\"avia_inline_auto\" id=\"style-css-av-ktn2eqbc-399ff9e7e90bd61ee8195ac0485a99de\">\n#top .av_textblock_section.av-ktn2eqbc-399ff9e7e90bd61ee8195ac0485a99de .avia_textblock{\ncolor:var(--azul1);\n}\n<\/style>\n<section  class='av_textblock_section av-ktn2eqbc-399ff9e7e90bd61ee8195ac0485a99de '   itemscope=\"itemscope\" itemtype=\"https:\/\/schema.org\/CreativeWork\" ><div class='av-medium-hide av-small-hide av-mini-hide avia_textblock av_inherit_color'  itemprop=\"text\" ><p><center><a class=\"boton-green\" title=\"D\u00e9couvrez notre Blog\" href=\"https:\/\/pospotential.com\/fr\/blog\/\">D\u00e9couvrez notre Blog<\/a><\/center><\/p>\n<div id=\"gtx-trans\" style=\"position: absolute; left: 417px; top: -2.40625px;\">\n<div class=\"gtx-trans-icon\"><\/div>\n<\/div>\n<\/div><\/section><\/div>\n<style type=\"text\/css\" data-created_by=\"avia_inline_auto\" id=\"style-css-av-760j4h-0df50c193244ee968616aac023df70f5\">\n.flex_column.av-760j4h-0df50c193244ee968616aac023df70f5{\nborder-radius:0px 0px 0px 0px;\npadding:0px 0px 0px 0px;\n}\n<\/style>\n<div  class='flex_column av-760j4h-0df50c193244ee968616aac023df70f5 av_one_third flex_column_div av-zero-column-padding  '     ><style type=\"text\/css\" data-created_by=\"avia_inline_auto\" id=\"style-css-av-ktn2eyzn-eb61e0c852a0b073823ace6a18ddf3c0\">\n#top .av_textblock_section.av-ktn2eyzn-eb61e0c852a0b073823ace6a18ddf3c0 .avia_textblock{\ncolor:var(--azul1);\n}\n<\/style>\n<section  class='av_textblock_section av-ktn2eyzn-eb61e0c852a0b073823ace6a18ddf3c0 '   itemscope=\"itemscope\" itemtype=\"https:\/\/schema.org\/CreativeWork\" ><div class='av-medium-hide av-small-hide av-mini-hide avia_textblock av_inherit_color'  itemprop=\"text\" ><p><center><a class=\"boton-green\" title=\"Poscast\" href=\"https:\/\/pospotential.com\/en\/poscast\/\">\u00c9coutez nos POScasts<\/a><\/center><\/p>\n<\/div><\/section><\/div>\n<style type=\"text\/css\" data-created_by=\"avia_inline_auto\" id=\"style-css-av-4eicsh-7907646b28565ede1bcb1bbd2fcea98e\">\n.flex_column.av-4eicsh-7907646b28565ede1bcb1bbd2fcea98e{\nborder-radius:0px 0px 0px 0px;\npadding:0px 0px 0px 0px;\n}\n<\/style>\n<div  class='flex_column av-4eicsh-7907646b28565ede1bcb1bbd2fcea98e av_one_third flex_column_div av-zero-column-padding  '     ><style type=\"text\/css\" data-created_by=\"avia_inline_auto\" id=\"style-css-av-ktn4vybm-e3c4b566e519516e4c1e9acfa0e5b975\">\n#top .av_textblock_section.av-ktn4vybm-e3c4b566e519516e4c1e9acfa0e5b975 .avia_textblock{\ncolor:var(--azul1);\n}\n<\/style>\n<section  class='av_textblock_section av-ktn4vybm-e3c4b566e519516e4c1e9acfa0e5b975 '   itemscope=\"itemscope\" itemtype=\"https:\/\/schema.org\/CreativeWork\" ><div class='av-medium-hide av-small-hide av-mini-hide avia_textblock av_inherit_color'  itemprop=\"text\" ><p><center><a class=\"boton-green\" title=\"Glossaire BI et Grande Consommation\" href=\"https:\/\/pospotential.com\/fr\/glossaire-bi-et-grande-consommation\/\">Consultez notre glossaire<\/a><\/center><\/p>\n<div id=\"gtx-trans\" style=\"position: absolute; left: 618px; top: -2.40625px;\">\n<div class=\"gtx-trans-icon\"><\/div>\n<\/div>\n<\/div><\/section><\/div>\n<\/div><\/div><\/div><!-- close content main div --><\/div><\/div><div id='boton-contacto-fijo'  class='avia-section av-k3a0jjxv-71f84a9ace7c1f2e8998fc0ae5adb1d4 main_color avia-section-default avia-no-border-styling avia-bg-style-scroll container_wrap fullsize'  ><div class='container av-section-cont-open' ><div class='template-page content  av-content-full alpha units'><div class='post-entry post-entry-type-page post-entry-5715'><div class='entry-content-wrapper clearfix'>\n<div  class='avia-builder-widget-area clearfix '><div id=\"custom_html-5\" class=\"widget_text widget clearfix widget_custom_html\"><div class=\"textwidget custom-html-widget\"><a class=\"boton-contacto-fijo-desktop\" href=\"\/fr\/contact\/\" title=\"contacto\" target=\"_self\"><img decoding=\"async\" src=\"\/wp-content\/uploads\/boton-contacto-fr3.png\" alt=\"contact icon\"><\/a>\r\n<a class=\"boton-contacto-fijo-mobile\" href=\"\/fr\/contact\/\" title=\"contacto\" target=\"_self\"><img decoding=\"async\" src=\"\/wp-content\/uploads\/boton-contacto-fr4.png\" alt=\"contact icon\"><\/a><\/div><\/div><\/div>\n<\/p>\n","protected":false},"excerpt":{"rendered":"","protected":false},"author":7,"featured_media":0,"parent":0,"menu_order":0,"comment_status":"closed","ping_status":"closed","template":"","meta":{"footnotes":""},"categories":[],"tags":[],"class_list":["post-5715","page","type-page","status-publish","hentry"],"aioseo_notices":[],"_links":{"self":[{"href":"https:\/\/pospotential.com\/fr\/wp-json\/wp\/v2\/pages\/5715","targetHints":{"allow":["GET"]}}],"collection":[{"href":"https:\/\/pospotential.com\/fr\/wp-json\/wp\/v2\/pages"}],"about":[{"href":"https:\/\/pospotential.com\/fr\/wp-json\/wp\/v2\/types\/page"}],"author":[{"embeddable":true,"href":"https:\/\/pospotential.com\/fr\/wp-json\/wp\/v2\/users\/7"}],"replies":[{"embeddable":true,"href":"https:\/\/pospotential.com\/fr\/wp-json\/wp\/v2\/comments?post=5715"}],"version-history":[{"count":4,"href":"https:\/\/pospotential.com\/fr\/wp-json\/wp\/v2\/pages\/5715\/revisions"}],"predecessor-version":[{"id":5931,"href":"https:\/\/pospotential.com\/fr\/wp-json\/wp\/v2\/pages\/5715\/revisions\/5931"}],"wp:attachment":[{"href":"https:\/\/pospotential.com\/fr\/wp-json\/wp\/v2\/media?parent=5715"}],"wp:term":[{"taxonomy":"category","embeddable":true,"href":"https:\/\/pospotential.com\/fr\/wp-json\/wp\/v2\/categories?post=5715"},{"taxonomy":"post_tag","embeddable":true,"href":"https:\/\/pospotential.com\/fr\/wp-json\/wp\/v2\/tags?post=5715"}],"curies":[{"name":"wp","href":"https:\/\/api.w.org\/{rel}","templated":true}]}}